{"id":8483,"date":"2019-06-26T13:36:09","date_gmt":"2019-06-26T11:36:09","guid":{"rendered":"https:\/\/dingogear.si\/?post_type=product&#038;p=8483"},"modified":"2025-07-28T10:28:23","modified_gmt":"2025-07-28T08:28:23","slug":"metalna-poluzatezna-ogrlica-davilica-spiked","status":"publish","type":"product","link":"https:\/\/dingogear.si\/hr\/metalna-poluzatezna-ogrlica-davilica-spiked\/","title":{"rendered":"Metalna poluzatezna ogrlica davilica &#8211; SPIKED"},"content":{"rendered":"<div>\n<p><span style=\"color: #333333;\">Zatezna kovinska ovratnica z zaobljenimi konicami, za trening pravilne hoje psov. Narejena je iz visoko kakovostne kovine, prekrite s kromom, zato ne bo zarjavela. Konice so zaobljene, ne dra\u017eijo kot obi\u010dajne bode\u010dke, le povzro\u010dajo nelagodje, ki disciplinira psa. Ovratnica se namesti \u010dez glavo psa in ima dve debelini konice.<\/span><\/p>\n<\/div>\n<div>\n<div><\/div>\n<div>Konice: \u00d8 3,2 mm (9 bodic); dol\u017eina 32-42 cm<\/div>\n<div><\/div>\n<div>Konice: \u00d8 3,8 mm (9 bodic); dol\u017eina 35-45 cm<\/div>\n<\/div>\n","protected":false},"excerpt":{"rendered":"<div>Zatezna kovinska ovratnica z zaobljenimi konicami, za trening pravilne hoje psov. Narejena je iz visoko kakovostne kovine, prekrite s kromom, zato ne bo zarjavela. Konice so zaobljene, ne dra\u017eijo kot obi\u010dajne bode\u010dke, le povzro\u010dajo nelagodje, ki disciplinira psa. Ovratnica se namesti \u010dez glavo psa in ima dve debelini konice.<\/div>\n<div>\n<div><\/div>\n<div>Konice: \u00d8 3,2 mm (9 bodic); dol\u017eina 32-42 cm<\/div>\n<div><\/div>\n<div>Konice: \u00d8 3,8 mm (9 bodic); dol\u017eina 35-45 cm<\/div>\n<\/div>\n","protected":false},"featured_media":4329,"comment_status":"open","ping_status":"closed","template":"","meta":{"_acf_changed":false},"product_brand":[2959],"product_cat":[815,803,821,823],"product_tag":[1240,753,1238],"class_list":{"0":"post-8483","1":"product","2":"type-product","3":"status-publish","4":"has-post-thumbnail","6":"product_brand-dingo","7":"product_cat-ogrlice","8":"product_cat-oprema-za-psa","9":"product_cat-trening-obrane","10":"product_cat-trening-vodljivosti","11":"product_tag-obrana","12":"product_tag-ogrlice-i-davilice","13":"product_tag-vodljivost","14":"pa_barva-ovratnice-srebrna-hr","15":"pa_material-ovratnice-metalna","16":"pa_posebnost-ovratnice-bodljikava-ogrlica","17":"pa_posebnost-ovratnice-zatezna-ogrlica","18":"pa_velikost-ovratnice-konice-o-32-mm-9-bodic-duzina-32-42-cm","19":"pa_velikost-ovratnice-konice-o-38-mm-9-bodic-duzina-35-45-cm","20":"pa_velikost-ovratnice-o-30-mm-debelina-konice-x-opseg-vrata-36-46-cm","21":"pa_velikost-ovratnice-o-35-mm-debelina-konice-x-opseg-vrata-54-65-cm","22":"pa_velikost-ovratnice-o-40-mm-debelina-konice-x-opseg-vrata-57-67-cm","24":"first","25":"instock","26":"taxable","27":"shipping-taxable","28":"purchasable","29":"product-type-variable"},"acf":[],"_links":{"self":[{"href":"https:\/\/dingogear.si\/hr\/wp-json\/wp\/v2\/product\/8483","targetHints":{"allow":["GET"]}}],"collection":[{"href":"https:\/\/dingogear.si\/hr\/wp-json\/wp\/v2\/product"}],"about":[{"href":"https:\/\/dingogear.si\/hr\/wp-json\/wp\/v2\/types\/product"}],"replies":[{"embeddable":true,"href":"https:\/\/dingogear.si\/hr\/wp-json\/wp\/v2\/comments?post=8483"}],"wp:featuredmedia":[{"embeddable":true,"href":"https:\/\/dingogear.si\/hr\/wp-json\/wp\/v2\/media\/4329"}],"wp:attachment":[{"href":"https:\/\/dingogear.si\/hr\/wp-json\/wp\/v2\/media?parent=8483"}],"wp:term":[{"taxonomy":"product_brand","embeddable":true,"href":"https:\/\/dingogear.si\/hr\/wp-json\/wp\/v2\/product_brand?post=8483"},{"taxonomy":"product_cat","embeddable":true,"href":"https:\/\/dingogear.si\/hr\/wp-json\/wp\/v2\/product_cat?post=8483"},{"taxonomy":"product_tag","embeddable":true,"href":"https:\/\/dingogear.si\/hr\/wp-json\/wp\/v2\/product_tag?post=8483"}],"curies":[{"name":"wp","href":"https:\/\/api.w.org\/{rel}","templated":true}]}}