{"id":8486,"date":"2019-06-26T13:00:29","date_gmt":"2019-06-26T11:00:29","guid":{"rendered":"https:\/\/dingogear.si\/?post_type=product&#038;p=8486"},"modified":"2020-05-06T11:07:08","modified_gmt":"2020-05-06T09:07:08","slug":"ogrlica-davilica-iz-koze","status":"publish","type":"product","link":"https:\/\/dingogear.si\/hr\/ogrlica-davilica-iz-koze\/","title":{"rendered":"Ogrlica davilica iz ko\u017ee"},"content":{"rendered":"<p><a href=\"https:\/\/dingogear.si\/wp-content\/uploads\/2019\/06\/ovratnica_zatezna_usnje.jpg\"><img decoding=\"async\" class=\"aligncenter size-full wp-image-4319\" src=\"https:\/\/dingogear.si\/wp-content\/uploads\/2019\/06\/ovratnica_zatezna_usnje.jpg\" alt=\"\" width=\"1086\" height=\"321\" title=\"\" srcset=\"https:\/\/dingogear.si\/wp-content\/uploads\/2019\/06\/ovratnica_zatezna_usnje.jpg 1086w, https:\/\/dingogear.si\/wp-content\/uploads\/2019\/06\/ovratnica_zatezna_usnje-300x89.jpg 300w, https:\/\/dingogear.si\/wp-content\/uploads\/2019\/06\/ovratnica_zatezna_usnje-768x227.jpg 768w, https:\/\/dingogear.si\/wp-content\/uploads\/2019\/06\/ovratnica_zatezna_usnje-1024x303.jpg 1024w, https:\/\/dingogear.si\/wp-content\/uploads\/2019\/06\/ovratnica_zatezna_usnje-500x148.jpg 500w, https:\/\/dingogear.si\/wp-content\/uploads\/2019\/06\/ovratnica_zatezna_usnje-700x207.jpg 700w\" sizes=\"(max-width: 1086px) 100vw, 1086px\" \/><\/a><\/p>\n<div>Zatezna ovratnica iz povoskanega usnja v rjavi barvi. spojni karabini so iz medenine.. Ovratnica je izdelana ro\u010dno z veliko pozornostjo, da bi omogo\u010dala uporabo \u0161e vrsto let.<\/div>\n<div><\/div>\n<div>Na voljo v velikostih:<\/div>\n<div><\/div>\n<div>\u0161irina 1,0 cm, dol\u017eina 40 cm<\/div>\n<div>\u0161irina 1,0 cm, dol\u017eina 45 cm<\/div>\n<div>\u0161irina 1,0 cm, dol\u017eina 50 cm<\/div>\n<div>\u0161irina 1,0 cm, dol\u017eina 55 cm<\/div>\n<div>\u0161irina 1,0 cm, dol\u017eina 60 cm<\/div>\n<div>\u0161irina 1,0 cm, dol\u017eina 65 cm<\/div>\n","protected":false},"excerpt":{"rendered":"<p>DINGOGEAR zatezna ovratnica za trening iz povoskanega USNJA. Na voljo v 6 razli\u010dnih dol\u017einah.<\/p>\n<p>Karakteristike ovratnice:<\/p>\n<ul>\n<li>izdelana so iz najkakovostnej\u0161ega vo\u0161\u010denega usnja<\/li>\n<li>zagotavlja udobno in hitro odstranitev ovratnika s pasjo glavo<\/li>\n<li>medeninasti uravnalniki in rinke<\/li>\n<li>Obseg na vratu lahko preprosto regulirate<\/li>\n<li>elementi so odporni proti koroziji, zagotavljajo trajnost in varnost uporabe<\/li>\n<li>vodoodporna<\/li>\n<li><span style=\"color: #555555;\">Te\u017ea: 0,025kg &#8211; 0,03kg<\/span><\/li>\n<\/ul>\n<p>Namen ovratnice:<\/p>\n<ul>\n<li>trening psa<\/li>\n<li>univerzalen namen<\/li>\n<\/ul>\n","protected":false},"featured_media":14817,"comment_status":"open","ping_status":"closed","template":"","meta":{"_acf_changed":false},"product_brand":[2948],"product_cat":[815,803,823],"product_tag":[753,1238],"class_list":{"0":"post-8486","1":"product","2":"type-product","3":"status-publish","4":"has-post-thumbnail","6":"product_brand-dingo-gear","7":"product_cat-ogrlice","8":"product_cat-oprema-za-psa","9":"product_cat-trening-vodljivosti","10":"product_tag-ogrlice-i-davilice","11":"product_tag-vodljivost","12":"pa_barva-ovratnice-boja-tamno-smede-koze","13":"pa_material-ovratnice-koza","14":"pa_posebnost-ovratnice-zatezna-ogrlica","15":"pa_velikost-ovratnice-40cm-hr","16":"pa_velikost-ovratnice-45cm-hr","17":"pa_velikost-ovratnice-50cm-hr","18":"pa_velikost-ovratnice-55cm-hr","19":"pa_velikost-ovratnice-60cm-hr","20":"pa_velikost-ovratnice-65cm-hr","22":"first","23":"instock","24":"taxable","25":"shipping-taxable","26":"purchasable","27":"product-type-variable"},"acf":[],"_links":{"self":[{"href":"https:\/\/dingogear.si\/hr\/wp-json\/wp\/v2\/product\/8486","targetHints":{"allow":["GET"]}}],"collection":[{"href":"https:\/\/dingogear.si\/hr\/wp-json\/wp\/v2\/product"}],"about":[{"href":"https:\/\/dingogear.si\/hr\/wp-json\/wp\/v2\/types\/product"}],"replies":[{"embeddable":true,"href":"https:\/\/dingogear.si\/hr\/wp-json\/wp\/v2\/comments?post=8486"}],"wp:featuredmedia":[{"embeddable":true,"href":"https:\/\/dingogear.si\/hr\/wp-json\/wp\/v2\/media\/14817"}],"wp:attachment":[{"href":"https:\/\/dingogear.si\/hr\/wp-json\/wp\/v2\/media?parent=8486"}],"wp:term":[{"taxonomy":"product_brand","embeddable":true,"href":"https:\/\/dingogear.si\/hr\/wp-json\/wp\/v2\/product_brand?post=8486"},{"taxonomy":"product_cat","embeddable":true,"href":"https:\/\/dingogear.si\/hr\/wp-json\/wp\/v2\/product_cat?post=8486"},{"taxonomy":"product_tag","embeddable":true,"href":"https:\/\/dingogear.si\/hr\/wp-json\/wp\/v2\/product_tag?post=8486"}],"curies":[{"name":"wp","href":"https:\/\/api.w.org\/{rel}","templated":true}]}}