{"id":8498,"date":"2019-09-02T22:25:23","date_gmt":"2020-05-06T09:44:17","guid":{"rendered":"https:\/\/dingogear.si\/?post_type=product&#038;p=8498"},"modified":"2023-04-25T16:21:12","modified_gmt":"2023-04-25T14:21:12","slug":"povodac-roller-s-bgb-snap-karabinerom-podesiva-duljina","status":"publish","type":"product","link":"https:\/\/dingogear.si\/hr\/povodac-roller-s-bgb-snap-karabinerom-podesiva-duljina\/","title":{"rendered":"ROLLER povodac s BGB SNAP karabinerom &#8211; podesiva duljina"},"content":{"rendered":"<p><strong>Prednosti i konstrukcija povodnika:<\/strong><\/p>\n<ul>\n<li>Vodootporan<\/li>\n<li>Dobra otpornost u kemijski aktivnom okru\u017eenju<\/li>\n<li>s BGB SNAP karabinerom koji se ne mo\u017ee automatski odvezati ili zalijepiti za strani predmet i odvezati (npr. prilikom pada na predmet)<\/li>\n<li>Dobra postojanost i otpornost na UV zra\u010denje<\/li>\n<li>Temperatura &#8211; ne gubi fizikalna svojstva pri ekstremno visokim i niskim temperaturama<\/li>\n<li>Kromirani dijelovi otporni su na koroziju, pru\u017eaju trajnost i sigurnost upotrebe<\/li>\n<li>Dr\u0161ka olak\u0161ava psu<\/li>\n<li>Pri\u010dvr\u0161\u0107iva\u010di probu\u0161eni vrlo jakim \u0161avovima<\/li>\n<li>Posebno profilirana polipropilenska traka, Roller, mekana i izdr\u017eljiva<\/li>\n<li>Te\u017eina: 0,2kg<\/li>\n<\/ul>\n<p>Povodnik za:<\/p>\n<p>Osposobljavanje velikih, jakih pasa<br \/>\nObuka, ophodnje i borbena djelovanja<br \/>\nMo\u017ee se koristiti u uobi\u010dajenim, svakodnevnim situacijama kada imate posla s velikim, sna\u017enim psom kao \u0161to je njema\u010dki ov\u010dar.<\/p>\n<p><a href=\"https:\/\/dingogear.si\/wp-content\/uploads\/2019\/09\/roller_bgb_vel.png\"><img decoding=\"async\" class=\"aligncenter size-full wp-image-7114\" src=\"https:\/\/dingogear.si\/wp-content\/uploads\/2019\/09\/roller_bgb_vel.png\" alt=\"\" width=\"1170\" height=\"532\" title=\"\" srcset=\"https:\/\/dingogear.si\/wp-content\/uploads\/2019\/09\/roller_bgb_vel.png 1170w, https:\/\/dingogear.si\/wp-content\/uploads\/2019\/09\/roller_bgb_vel-300x136.png 300w, https:\/\/dingogear.si\/wp-content\/uploads\/2019\/09\/roller_bgb_vel-768x349.png 768w, https:\/\/dingogear.si\/wp-content\/uploads\/2019\/09\/roller_bgb_vel-1024x466.png 1024w, https:\/\/dingogear.si\/wp-content\/uploads\/2019\/09\/roller_bgb_vel-500x227.png 500w, https:\/\/dingogear.si\/wp-content\/uploads\/2019\/09\/roller_bgb_vel-700x318.png 700w\" sizes=\"(max-width: 1170px) 100vw, 1170px\" \/><\/a><\/p>\n","protected":false},"excerpt":{"rendered":"<p>DINGOGEAR profesionalni povodnik od polipropilena namijenjen dresuri velikih, jakih pasa. Materijal od kojeg je izra\u0111en povodac otporan je na vremenske uvjete, a uzica je mekana te pru\u017ea vodi\u010du udoban zahvat za lak\u0161e upravljanje psom.<\/p>\n<ul>\n<li>s BGB SNAP karabinerom koji se ne mo\u017ee automatski odvezati ili zalijepiti za strani predmet i odvezati (npr. prilikom pada na predmet)<\/li>\n<\/ul>\n<p>Pouzdana trajnost, kvaliteta i izvrsnost omogu\u0107uju 100% zadovoljstvo korisnika.<\/p>\n<p><strong>Od profesionalaca za profesionalce.<\/strong><\/p>\n<p>Idealan za obje vrste obuke: patroliranje i borbu\/obranu.<\/p>\n<p>Dostupan je u tri podesive duljine: 80-150cm, 120-250cm, 150-300cm. \u0160irina 2,8 cm.<\/p>\n","protected":false},"featured_media":7120,"comment_status":"open","ping_status":"closed","template":"","meta":{"_acf_changed":false},"product_brand":[2948],"product_cat":[823,803,805],"product_tag":[1236,1238],"class_list":{"0":"post-8498","1":"product","2":"type-product","3":"status-publish","4":"has-post-thumbnail","6":"product_brand-dingo-gear","7":"product_cat-trening-vodljivosti","8":"product_cat-oprema-za-psa","9":"product_cat-povodnici","10":"product_tag-povodnici","11":"product_tag-vodljivost","12":"pa_barva-povodca-crna-hr","13":"pa_dolzina-povodca-120-250cm-hr","14":"pa_dolzina-povodca-150-300cm-hr","15":"pa_dolzina-povodca-80-150cm-hr","16":"pa_material-povodca-polipropilen-hr","17":"pa_posebnost-povodca-bgb-snap-karabiner","18":"pa_posebnost-povodca-podesiva-duzina-povodnika","19":"pa_posebnost-povodca-vodoodbojan-vodootporan","20":"pa_sirina-povodca-28cm-hr","22":"first","23":"instock","24":"taxable","25":"shipping-taxable","26":"purchasable","27":"product-type-variable"},"acf":[],"_links":{"self":[{"href":"https:\/\/dingogear.si\/hr\/wp-json\/wp\/v2\/product\/8498","targetHints":{"allow":["GET"]}}],"collection":[{"href":"https:\/\/dingogear.si\/hr\/wp-json\/wp\/v2\/product"}],"about":[{"href":"https:\/\/dingogear.si\/hr\/wp-json\/wp\/v2\/types\/product"}],"replies":[{"embeddable":true,"href":"https:\/\/dingogear.si\/hr\/wp-json\/wp\/v2\/comments?post=8498"}],"wp:featuredmedia":[{"embeddable":true,"href":"https:\/\/dingogear.si\/hr\/wp-json\/wp\/v2\/media\/7120"}],"wp:attachment":[{"href":"https:\/\/dingogear.si\/hr\/wp-json\/wp\/v2\/media?parent=8498"}],"wp:term":[{"taxonomy":"product_brand","embeddable":true,"href":"https:\/\/dingogear.si\/hr\/wp-json\/wp\/v2\/product_brand?post=8498"},{"taxonomy":"product_cat","embeddable":true,"href":"https:\/\/dingogear.si\/hr\/wp-json\/wp\/v2\/product_cat?post=8498"},{"taxonomy":"product_tag","embeddable":true,"href":"https:\/\/dingogear.si\/hr\/wp-json\/wp\/v2\/product_tag?post=8498"}],"curies":[{"name":"wp","href":"https:\/\/api.w.org\/{rel}","templated":true}]}}