{"id":8502,"date":"2019-09-02T22:13:03","date_gmt":"2019-09-02T20:13:03","guid":{"rendered":"https:\/\/dingogear.si\/?post_type=product&#038;p=8502"},"modified":"2023-04-25T16:32:21","modified_gmt":"2023-04-25T14:32:21","slug":"povodac-roller-coyote-s-bgb-snap-karabinerom","status":"publish","type":"product","link":"https:\/\/dingogear.si\/hr\/povodac-roller-coyote-s-bgb-snap-karabinerom\/","title":{"rendered":"Povodac ROLLER COYOTE s BGB SNAP karabinerom"},"content":{"rendered":"<p><strong>Prednosti i konstrukcija povodnika:<\/strong><\/p>\n<ul>\n<li>Vodootporan<\/li>\n<li>Dobra otpornost u kemijski aktivnom okru\u017eenju<\/li>\n<li>Dobra postojanost i otpornost na UV zra\u010denje<\/li>\n<li>Temperatura &#8211; ne gubi fizikalna svojstva pri ekstremno visokim i niskim temperaturama<\/li>\n<li>Kromirani dijelovi otporni su na koroziju, pru\u017eaju trajnost i sigurnost upotrebe<\/li>\n<li>Dr\u0161ka olak\u0161ava psu<\/li>\n<li>Pri\u010dvr\u0161\u0107iva\u010di probu\u0161eni vrlo jakim \u0161avovima<\/li>\n<li>Posebno profilirana polipropilenska traka, Roller, mekana i izdr\u017eljiva<\/li>\n<li>Parametri: du\u017eina. 150cm \/ 200cm \/ 250cm \/ 300cm; \u0160irina 2,8cm; Debljina 0,3 cm<\/li>\n<li>Te\u017eina: 0,2kg<\/li>\n<\/ul>\n<p>Povodnik za:<\/p>\n<p>Osposobljavanje velikih, jakih pasa<br \/>\nObuka, ophodnje i borbena djelovanja<br \/>\nKoristi se u obi\u010dnim, svakodnevnim situacijama kada imate posla s velikim, sna\u017enim psom kao \u0161to je njema\u010dki ov\u010dar.<\/p>\n<p><a href=\"https:\/\/dingogear.si\/wp-content\/uploads\/2019\/09\/roller_bgb_vel_coyote.png\"><img decoding=\"async\" class=\"aligncenter size-full wp-image-7122\" src=\"https:\/\/dingogear.si\/wp-content\/uploads\/2019\/09\/roller_bgb_vel_coyote.png\" alt=\"\" width=\"1158\" height=\"511\" title=\"\" srcset=\"https:\/\/dingogear.si\/wp-content\/uploads\/2019\/09\/roller_bgb_vel_coyote.png 1158w, https:\/\/dingogear.si\/wp-content\/uploads\/2019\/09\/roller_bgb_vel_coyote-300x132.png 300w, https:\/\/dingogear.si\/wp-content\/uploads\/2019\/09\/roller_bgb_vel_coyote-768x339.png 768w, https:\/\/dingogear.si\/wp-content\/uploads\/2019\/09\/roller_bgb_vel_coyote-1024x452.png 1024w, https:\/\/dingogear.si\/wp-content\/uploads\/2019\/09\/roller_bgb_vel_coyote-500x221.png 500w, https:\/\/dingogear.si\/wp-content\/uploads\/2019\/09\/roller_bgb_vel_coyote-700x309.png 700w\" sizes=\"(max-width: 1158px) 100vw, 1158px\" \/><\/a><\/p>\n","protected":false},"excerpt":{"rendered":"<p>DINGOGEAR profesionalni povodnik od polipropilena namijenjen dresuri velikih, jakih pasa. Materijal od kojeg je povodnik izra\u0111en otporan je na vremenske uvjete, \u0161to povodnik \u010dini mekim i pru\u017ea vodi\u010du udoban zahvat za lak\u0161e upravljanje psom.<\/p>\n<p>Pouzdana trajnost, kvaliteta i izvrsnost omogu\u0107uju 100% zadovoljstvo korisnika.<\/p>\n<p><strong>Od profesionalaca za profesionalce.<\/strong><\/p>\n<p>Idealan za obje vrste obuke: patroliranje i borbu\/obranu.<\/p>\n<p>Dostupan je u \u010detiri du\u017eine: 150cm, 200cm, 250cm, 300cm. \u0160irina 2,8 cm.<\/p>\n","protected":false},"featured_media":7118,"comment_status":"open","ping_status":"closed","template":"","meta":{"_acf_changed":false},"product_brand":[2948],"product_cat":[803,805,823],"product_tag":[1236,1238],"class_list":{"0":"post-8502","1":"product","2":"type-product","3":"status-publish","4":"has-post-thumbnail","6":"product_brand-dingo-gear","7":"product_cat-oprema-za-psa","8":"product_cat-povodnici","9":"product_cat-trening-vodljivosti","10":"product_tag-povodnici","11":"product_tag-vodljivost","12":"pa_barva-povodca-smeda","13":"pa_dolzina-povodca-150cm-hr","14":"pa_dolzina-povodca-200cm-hr","15":"pa_dolzina-povodca-250cm-hr","16":"pa_dolzina-povodca-300cm-hr","17":"pa_material-povodca-polipropilen-hr","18":"pa_posebnost-povodca-bgb-snap-karabiner","19":"pa_posebnost-povodca-vodoodbojan-vodootporan","20":"pa_sirina-povodca-28cm-hr","22":"first","23":"instock","24":"featured","25":"taxable","26":"shipping-taxable","27":"purchasable","28":"product-type-variable"},"acf":[],"_links":{"self":[{"href":"https:\/\/dingogear.si\/hr\/wp-json\/wp\/v2\/product\/8502","targetHints":{"allow":["GET"]}}],"collection":[{"href":"https:\/\/dingogear.si\/hr\/wp-json\/wp\/v2\/product"}],"about":[{"href":"https:\/\/dingogear.si\/hr\/wp-json\/wp\/v2\/types\/product"}],"replies":[{"embeddable":true,"href":"https:\/\/dingogear.si\/hr\/wp-json\/wp\/v2\/comments?post=8502"}],"wp:featuredmedia":[{"embeddable":true,"href":"https:\/\/dingogear.si\/hr\/wp-json\/wp\/v2\/media\/7118"}],"wp:attachment":[{"href":"https:\/\/dingogear.si\/hr\/wp-json\/wp\/v2\/media?parent=8502"}],"wp:term":[{"taxonomy":"product_brand","embeddable":true,"href":"https:\/\/dingogear.si\/hr\/wp-json\/wp\/v2\/product_brand?post=8502"},{"taxonomy":"product_cat","embeddable":true,"href":"https:\/\/dingogear.si\/hr\/wp-json\/wp\/v2\/product_cat?post=8502"},{"taxonomy":"product_tag","embeddable":true,"href":"https:\/\/dingogear.si\/hr\/wp-json\/wp\/v2\/product_tag?post=8502"}],"curies":[{"name":"wp","href":"https:\/\/api.w.org\/{rel}","templated":true}]}}