{"id":8507,"date":"2019-09-02T22:03:19","date_gmt":"2019-09-02T20:03:19","guid":{"rendered":"https:\/\/dingogear.si\/?post_type=product&#038;p=8507"},"modified":"2021-05-21T18:43:20","modified_gmt":"2021-05-21T16:43:20","slug":"povodnik-roller-sa-bgb-snap-karabinom","status":"publish","type":"product","link":"https:\/\/dingogear.si\/hr\/povodnik-roller-sa-bgb-snap-karabinom\/","title":{"rendered":"Povodnik ROLLER sa BGB SNAP karabinom"},"content":{"rendered":"<p><strong>Prednosti in konstrukcija povodca:<\/strong><\/p>\n<ul>\n<li>Vodoodporen<\/li>\n<li>Dobra odpornost v okolju, ki je kemi\u010dno aktivno<\/li>\n<li>Dobra obstojnost in odpornost proti UV sevanju<\/li>\n<li>Temperatura &#8211; v ekstremnih visokih in nizkih temperaturah ne izgubi svojih fizikalnih lastnosti<\/li>\n<li>Kromirani deli so odporni proti koroziji, zagotavljajo vzdr\u017eljivost in varnost uporabe<\/li>\n<li>Ro\u010daj olaj\u0161a psa<\/li>\n<li>Spojni elementi prebodeni z zelo mo\u010dnimi \u0161ivi<\/li>\n<li>Posebno profilirani polipropilenski trak, Roller, mehek in trpe\u017een<\/li>\n<li>Parametri: dol\u017eina. 150cm \/ 200cm \/ 250cm \/ 300cm; \u0160irina 2,8cm; Debelina 0,3 cm<\/li>\n<li>Te\u017ea: 0,2kg<\/li>\n<\/ul>\n<p>Povodec za namen:<\/p>\n<p>Usposabljanja velikih, mo\u010dnih psov<br \/>\nUsposabljanja, patruljiranja in bojne operacije<br \/>\nUporablja se v navadnih, vsakodnevnih situacijah, ko se ukvarjamo z velikim, mo\u010dnim psom kot je naprimer nem\u0161ki ov\u010dar.<\/p>\n<p><a href=\"https:\/\/dingogear.si\/wp-content\/uploads\/2019\/09\/roller_bgb_vel.png\"><img decoding=\"async\" class=\"aligncenter size-full wp-image-7114\" src=\"https:\/\/dingogear.si\/wp-content\/uploads\/2019\/09\/roller_bgb_vel.png\" alt=\"\" width=\"1170\" height=\"532\" title=\"\" srcset=\"https:\/\/dingogear.si\/wp-content\/uploads\/2019\/09\/roller_bgb_vel.png 1170w, https:\/\/dingogear.si\/wp-content\/uploads\/2019\/09\/roller_bgb_vel-300x136.png 300w, https:\/\/dingogear.si\/wp-content\/uploads\/2019\/09\/roller_bgb_vel-768x349.png 768w, https:\/\/dingogear.si\/wp-content\/uploads\/2019\/09\/roller_bgb_vel-1024x466.png 1024w, https:\/\/dingogear.si\/wp-content\/uploads\/2019\/09\/roller_bgb_vel-500x227.png 500w, https:\/\/dingogear.si\/wp-content\/uploads\/2019\/09\/roller_bgb_vel-700x318.png 700w\" sizes=\"(max-width: 1170px) 100vw, 1170px\" \/><\/a><\/p>\n","protected":false},"excerpt":{"rendered":"<p>DINGOGEAR profesionalni polipropilenski povodec\u00a0 namenjen za trening ve\u010djih mo\u010dnih psov. Material iz katerega je povodec je vremensko odporen, povodec pa naredi mehek, vodniku nudi udoben oprijem za la\u017ejo vodljivost psa.<\/p>\n<p>Zanesljiva trpe\u017enost, kakovost in odli\u010dnost omogo\u010da stoodstotno zadovoljstvo uporabnikov.<\/p>\n<p><strong>Od profesionalcev za profesionalce.<\/strong><\/p>\n<p>Idealno za obe vrsti usposabljanja: patruljiranje in boj\/obramba.<\/p>\n<p>Na voljo je v \u0161tirih dol\u017einah: 150cm, 200cm, 250cm, 300cm. \u0160irine 2,8cm.<\/p>\n","protected":false},"featured_media":7121,"comment_status":"open","ping_status":"closed","template":"","meta":{"_acf_changed":false},"product_brand":[2948],"product_cat":[803,805],"product_tag":[1236,1238],"class_list":{"0":"post-8507","1":"product","2":"type-product","3":"status-publish","4":"has-post-thumbnail","6":"product_brand-dingo-gear","7":"product_cat-oprema-za-psa","8":"product_cat-povodnici","9":"product_tag-povodnici","10":"product_tag-vodljivost","11":"pa_barva-povodca-crna-hr","12":"pa_dolzina-povodca-150cm-hr","13":"pa_dolzina-povodca-200cm-hr","14":"pa_dolzina-povodca-250cm-hr","15":"pa_dolzina-povodca-300cm-hr","16":"pa_material-povodca-polipropilen-hr","17":"pa_posebnost-povodca-bgb-snap-karabiner","18":"pa_posebnost-povodca-vodoodbojan-vodootporan","19":"pa_sirina-povodca-28cm-hr","21":"first","22":"instock","23":"taxable","24":"shipping-taxable","25":"purchasable","26":"product-type-variable"},"acf":[],"_links":{"self":[{"href":"https:\/\/dingogear.si\/hr\/wp-json\/wp\/v2\/product\/8507","targetHints":{"allow":["GET"]}}],"collection":[{"href":"https:\/\/dingogear.si\/hr\/wp-json\/wp\/v2\/product"}],"about":[{"href":"https:\/\/dingogear.si\/hr\/wp-json\/wp\/v2\/types\/product"}],"replies":[{"embeddable":true,"href":"https:\/\/dingogear.si\/hr\/wp-json\/wp\/v2\/comments?post=8507"}],"wp:featuredmedia":[{"embeddable":true,"href":"https:\/\/dingogear.si\/hr\/wp-json\/wp\/v2\/media\/7121"}],"wp:attachment":[{"href":"https:\/\/dingogear.si\/hr\/wp-json\/wp\/v2\/media?parent=8507"}],"wp:term":[{"taxonomy":"product_brand","embeddable":true,"href":"https:\/\/dingogear.si\/hr\/wp-json\/wp\/v2\/product_brand?post=8507"},{"taxonomy":"product_cat","embeddable":true,"href":"https:\/\/dingogear.si\/hr\/wp-json\/wp\/v2\/product_cat?post=8507"},{"taxonomy":"product_tag","embeddable":true,"href":"https:\/\/dingogear.si\/hr\/wp-json\/wp\/v2\/product_tag?post=8507"}],"curies":[{"name":"wp","href":"https:\/\/api.w.org\/{rel}","templated":true}]}}