{"id":8519,"date":"2019-09-02T20:58:51","date_gmt":"2019-09-02T18:58:51","guid":{"rendered":"https:\/\/dingogear.si\/?post_type=product&#038;p=8519"},"modified":"2020-05-29T09:27:30","modified_gmt":"2020-05-29T07:27:30","slug":"gumiran-povodnik-super-grip-sa-bgb-snap-karabinom","status":"publish","type":"product","link":"https:\/\/dingogear.si\/hr\/gumiran-povodnik-super-grip-sa-bgb-snap-karabinom\/","title":{"rendered":"Gumiran povodnik SUPER GRIP sa BGB SNAP karabinom"},"content":{"rendered":"<p><strong>Prednosti in konstrukcija povodca:<\/strong><\/p>\n<ul>\n<li>Poseben\u00a0gumiran najlon<\/li>\n<li>z BGB SNAP karabinom, ki se ne more samodejno odpeti oziroma zatakniti ob tujek in odpeti (naprimer ob podrsu ob kak\u0161en predmet)<\/li>\n<li>Povodec ne zdrsne iz rok in tako zagotavlja varen oprijem<\/li>\n<li>Zelo mo\u010dna izdelava, ki omogo\u010da stabilno vodenje psa<\/li>\n<li>Ro\u010daj<\/li>\n<li>Kromirani deli so odporni proti koroziji, zagotavljajo vzdr\u017eljivost in varnost uporabe<\/li>\n<li>Oja\u010dani spojni \u0161ivi &#8211; z usnjem<\/li>\n<li>Parametri: dol\u017eina. 150cm \/ 200cm \/ 250cm \/ 300cm; \u0160irina 2cm; Debelina 0,3 cm<\/li>\n<li>Te\u017ea: 0,2kg<\/li>\n<\/ul>\n<p>Povodec za namen:<\/p>\n<p>Usposabljanja velikih, mo\u010dnih psov<br \/>\nUsposabljanja, patruljiranja in bojne operacije<br \/>\nSe lahko uporablja v navadnih, vsakodnevnih situacijah, ko se ukvarjamo z velikim, mo\u010dnim psom kot je naprimer nem\u0161ki ov\u010dar.<\/p>\n<p><a href=\"https:\/\/dingogear.si\/wp-content\/uploads\/2019\/09\/bgb-snap_VEL.png\"><img decoding=\"async\" class=\"aligncenter size-full wp-image-7090\" src=\"https:\/\/dingogear.si\/wp-content\/uploads\/2019\/09\/bgb-snap_VEL.png\" alt=\"\" width=\"1115\" height=\"768\" title=\"\" srcset=\"https:\/\/dingogear.si\/wp-content\/uploads\/2019\/09\/bgb-snap_VEL.png 1115w, https:\/\/dingogear.si\/wp-content\/uploads\/2019\/09\/bgb-snap_VEL-300x207.png 300w, https:\/\/dingogear.si\/wp-content\/uploads\/2019\/09\/bgb-snap_VEL-768x529.png 768w, https:\/\/dingogear.si\/wp-content\/uploads\/2019\/09\/bgb-snap_VEL-1024x705.png 1024w, https:\/\/dingogear.si\/wp-content\/uploads\/2019\/09\/bgb-snap_VEL-500x344.png 500w, https:\/\/dingogear.si\/wp-content\/uploads\/2019\/09\/bgb-snap_VEL-700x482.png 700w\" sizes=\"(max-width: 1115px) 100vw, 1115px\" \/><\/a><\/p>\n","protected":false},"excerpt":{"rendered":"<p>DINGOGEAR profesionalni povodec, namenjen predvsem za patruljne naloge. Izdelan je iz posebnega gumiranega traku, ki ne zdrsne iz rok in tako zagotavlja varen oprijem.<\/p>\n<ul>\n<li>z BGB SNAP karabinom, ki se ne more samodejno odpeti oziroma zatakniti ob tujek in odpeti (naprimer ob podrsu ob kak\u0161en predmet)<\/li>\n<\/ul>\n<p>Zanesljiva trpe\u017enost, kakovost in odli\u010dnost omogo\u010da stoodstotno zadovoljstvo uporabnikov.<\/p>\n<p><strong>Od profesionalcev za profesionalce.<\/strong><\/p>\n<p>Na voljo je v \u0161tirih dol\u017einah: 150cm, 200cm, 250cm, 300cm. \u0160irine 2cm.<\/p>\n<p>Preizku\u0161eni in odobreni s strani profesionalnih trenerjev.<\/p>\n","protected":false},"featured_media":18855,"comment_status":"open","ping_status":"closed","template":"","meta":{"_acf_changed":false},"product_brand":[2948],"product_cat":[803,819,805],"product_tag":[1236,1238],"class_list":{"0":"post-8519","1":"product","2":"type-product","3":"status-publish","4":"has-post-thumbnail","6":"product_brand-dingo-gear","7":"product_cat-oprema-za-psa","8":"product_cat-pomagala-za-trening","9":"product_cat-povodnici","10":"product_tag-povodnici","11":"product_tag-vodljivost","12":"pa_barva-povodca-crna-hr","13":"pa_dolzina-povodca-150cm-hr","14":"pa_dolzina-povodca-200cm-hr","15":"pa_dolzina-povodca-250cm-hr","16":"pa_dolzina-povodca-300cm-hr","17":"pa_material-povodca-gumiran-najlon-hr","18":"pa_posebnost-povodca-bgb-snap-karabiner","19":"pa_posebnost-povodca-gumiran-povodnik","20":"pa_sirina-povodca-2cm-hr","22":"first","23":"instock","24":"featured","25":"taxable","26":"shipping-taxable","27":"purchasable","28":"product-type-variable"},"acf":[],"_links":{"self":[{"href":"https:\/\/dingogear.si\/hr\/wp-json\/wp\/v2\/product\/8519","targetHints":{"allow":["GET"]}}],"collection":[{"href":"https:\/\/dingogear.si\/hr\/wp-json\/wp\/v2\/product"}],"about":[{"href":"https:\/\/dingogear.si\/hr\/wp-json\/wp\/v2\/types\/product"}],"replies":[{"embeddable":true,"href":"https:\/\/dingogear.si\/hr\/wp-json\/wp\/v2\/comments?post=8519"}],"wp:featuredmedia":[{"embeddable":true,"href":"https:\/\/dingogear.si\/hr\/wp-json\/wp\/v2\/media\/18855"}],"wp:attachment":[{"href":"https:\/\/dingogear.si\/hr\/wp-json\/wp\/v2\/media?parent=8519"}],"wp:term":[{"taxonomy":"product_brand","embeddable":true,"href":"https:\/\/dingogear.si\/hr\/wp-json\/wp\/v2\/product_brand?post=8519"},{"taxonomy":"product_cat","embeddable":true,"href":"https:\/\/dingogear.si\/hr\/wp-json\/wp\/v2\/product_cat?post=8519"},{"taxonomy":"product_tag","embeddable":true,"href":"https:\/\/dingogear.si\/hr\/wp-json\/wp\/v2\/product_tag?post=8519"}],"curies":[{"name":"wp","href":"https:\/\/api.w.org\/{rel}","templated":true}]}}