{"id":8528,"date":"2019-07-26T17:46:23","date_gmt":"2019-07-26T15:46:23","guid":{"rendered":"https:\/\/dingogear.si\/?post_type=product&#038;p=8528"},"modified":"2021-02-11T10:49:24","modified_gmt":"2021-02-11T09:49:24","slug":"gumiran-povodnik-za-trag","status":"publish","type":"product","link":"https:\/\/dingogear.si\/hr\/gumiran-povodnik-za-trag\/","title":{"rendered":"Gumiran povodnik za trag"},"content":{"rendered":"<p>Profesionalni gumiran sledni povodec namenjen za trening ve\u010djih mo\u010dnih psov. Material vodniku nudi udoben oprijem za la\u017ejo vodljivost psa. Material je dodatno oja\u010dan z mo\u010dnimi \u0161ivi.<\/p>\n<p>Zanesljiva trpe\u017enost, kakovost in odli\u010dnost omogo\u010da stoodstotno zadovoljstvo uporabnikov.<\/p>\n<p><strong>Od profesionalcev za profesionalce.<\/strong><\/p>\n<p>Idealno za obe vrsti usposabljanja: patruljiranje in boj\/obramba.<\/p>\n<p>Na voljo je v dveh dol\u017einah: 5m in 10m in v ve\u010d barvnih razli\u010dicah.<\/p>\n<p><strong>Prednosti in konstrukcija povodca:<\/strong><\/p>\n<ul>\n<li>Vodoodporen<\/li>\n<li>Dodatni \u0161ivi<\/li>\n<li>Dobra odpornost v okolju, ki je kemi\u010dno aktivno<\/li>\n<li>Dobra obstojnost in odpornost proti UV sevanju<\/li>\n<li>Temperatura \u2013 v ekstremnih visokih in nizkih temperaturah ne izgubi svojih fizikalnih lastnosti<\/li>\n<li>Vrv ne zdrsne iz rok in tako zagotavlja zanesljiv oprijem<\/li>\n<li>Kromirani deli so odporni proti koroziji, zagotavljajo vzdr\u017eljivost in varnost uporabe<\/li>\n<li>Brez ro\u010daja<\/li>\n<li>Spojni elementi prebodeni z zelo mo\u010dnimi \u0161ivi<\/li>\n<li>Posebno profilirani polipropilenski trak<\/li>\n<li>Parametri: dol\u017eina 5m ali 10m, \u0161irina 1,5cm, debelina 0,3 cm<\/li>\n<li>Te\u017ea: 0,171kg (5m) ali 0,275kg (10m)<\/li>\n<\/ul>\n<p>Povodec za namen:<\/p>\n<p>Usposabljanja velikih, mo\u010dnih psov<br \/>\nUsposabljanja, patruljiranja in bojne operacije<br \/>\nSe lahko uporablja v navadnih, vsakodnevnih situacijah, ko se ukvarjamo z velikim, mo\u010dnim psom kot je naprimer pes tipa nem\u0161ki ov\u010dar.<\/p>\n","protected":false},"excerpt":{"rendered":"<p>Profesionalni gumiran sledni povodec namenjen za trening ve\u010djih mo\u010dnih psov. Material vodniku nudi udoben oprijem za la\u017ejo vodljivost psa. Material je dodatno oja\u010dan z mo\u010dnimi \u0161ivi.<\/p>\n<ul>\n<li>Vodoodporen<\/li>\n<li>Dodatni \u0161ivi<\/li>\n<li>Dobra odpornost v okolju, ki je kemi\u010dno aktivno<\/li>\n<li>Dobra obstojnost in odpornost proti UV sevanju<\/li>\n<li>Temperatura \u2013 v ekstremnih visokih in nizkih temperaturah ne izgubi svojih fizikalnih lastnosti<\/li>\n<li>Vrv ne zdrsne iz rok in tako zagotavlja zanesljiv oprijem<\/li>\n<li>Kromirani deli so odporni proti koroziji, zagotavljajo vzdr\u017eljivost in varnost uporabe<\/li>\n<li>Brez ro\u010daja<\/li>\n<li>Spojni elementi prebodeni z zelo mo\u010dnimi \u0161ivi<\/li>\n<li>Posebno profilirani polipropilenski trak<\/li>\n<li>Parametri: dol\u017eina 5m ali 10m, \u0161irina 1,5cm, debelina 0,3 cm<\/li>\n<li>Te\u017ea: 0,171kg (5m) ali 0,275kg (10m)<\/li>\n<\/ul>\n","protected":false},"featured_media":5935,"comment_status":"open","ping_status":"closed","template":"","meta":{"_acf_changed":false},"product_brand":[2949],"product_cat":[825,803,817,805,823],"product_tag":[1236,761,1238],"class_list":{"0":"post-8528","1":"product","2":"type-product","3":"status-publish","4":"has-post-thumbnail","6":"product_brand-raddog","7":"product_cat-trening-traganja","8":"product_cat-oprema-za-psa","9":"product_cat-oprema-za-vodica","10":"product_cat-povodnici","11":"product_cat-trening-vodljivosti","12":"product_tag-povodnici","13":"product_tag-traganje","14":"product_tag-vodljivost","15":"pa_barva-povodca-razlicite-boje-nije-moguce-birati","16":"pa_dolzina-povodca-10m-hr","17":"pa_dolzina-povodca-300cm-hr","18":"pa_dolzina-povodca-5m-hr","19":"pa_material-povodca-polipropilen-hr","20":"pa_posebnost-povodca-gumiran-povodnik","21":"pa_posebnost-povodca-povodnik-bez-rucke","22":"pa_posebnost-povodca-povodnik-za-rad","23":"pa_sirina-povodca-15cm-hr","25":"first","26":"instock","27":"taxable","28":"shipping-taxable","29":"purchasable","30":"product-type-variable"},"acf":[],"_links":{"self":[{"href":"https:\/\/dingogear.si\/hr\/wp-json\/wp\/v2\/product\/8528","targetHints":{"allow":["GET"]}}],"collection":[{"href":"https:\/\/dingogear.si\/hr\/wp-json\/wp\/v2\/product"}],"about":[{"href":"https:\/\/dingogear.si\/hr\/wp-json\/wp\/v2\/types\/product"}],"replies":[{"embeddable":true,"href":"https:\/\/dingogear.si\/hr\/wp-json\/wp\/v2\/comments?post=8528"}],"wp:featuredmedia":[{"embeddable":true,"href":"https:\/\/dingogear.si\/hr\/wp-json\/wp\/v2\/media\/5935"}],"wp:attachment":[{"href":"https:\/\/dingogear.si\/hr\/wp-json\/wp\/v2\/media?parent=8528"}],"wp:term":[{"taxonomy":"product_brand","embeddable":true,"href":"https:\/\/dingogear.si\/hr\/wp-json\/wp\/v2\/product_brand?post=8528"},{"taxonomy":"product_cat","embeddable":true,"href":"https:\/\/dingogear.si\/hr\/wp-json\/wp\/v2\/product_cat?post=8528"},{"taxonomy":"product_tag","embeddable":true,"href":"https:\/\/dingogear.si\/hr\/wp-json\/wp\/v2\/product_tag?post=8528"}],"curies":[{"name":"wp","href":"https:\/\/api.w.org\/{rel}","templated":true}]}}