{"id":8531,"date":"2018-11-07T15:01:38","date_gmt":"2018-11-07T14:01:38","guid":{"rendered":"https:\/\/dingogear.si\/?post_type=product&#038;p=8531"},"modified":"2023-01-11T13:14:22","modified_gmt":"2023-01-11T12:14:22","slug":"gumena-lopta","status":"publish","type":"product","link":"https:\/\/dingogear.si\/hr\/gumena-lopta\/","title":{"rendered":"Gumena lopta"},"content":{"rendered":"<p>Mekana gumena lopta je dizajnirana za igru \u200b\u200bi u\u010denje psa. Tako\u0111er se mo\u017ee uspje\u0161no koristiti za igranje u vodi dok lopta pluta na povr\u0161ini! Lopta se koristi s <a href=\"https:\/\/dingogear.si\/nastavek-za-hiter-izpust-zoge\/\">nastavkom za brzo otpu\u0161tanje<\/a>.<\/p>\n<p>Testirano i odobreno od strane profesionalnih trenera.<\/p>\n<p>Zna\u010dajke lopte:<\/p>\n<ul>\n<li>guma osigurava trajnu upotrebu<\/li>\n<li>izra\u017eajne \u017eute boje za lak\u0161e pronala\u017eenje na poligonu<\/li>\n<li>meka<\/li>\n<li>plutaju\u0107a<\/li>\n<li>BEZ ru\u010dke ili uzice<\/li>\n<li>parametri: # 63mm; te\u017eina &#8211; 0,1kg<\/li>\n<\/ul>\n<p>Svrha lopte:<\/p>\n<ul>\n<li>aportiranje \/ dono\u0161enje predmeta<\/li>\n<li>u\u010denje \u017evakanja<\/li>\n<li>trenirati pravilan ugriz psa<\/li>\n<li>igra<\/li>\n<\/ul>\n<p>&nbsp;<\/p>\n","protected":false},"excerpt":{"rendered":"<p>Mekana gumena lopta je dizajnirana za igru \u200b\u200bi u\u010denje psa. Tako\u0111er se mo\u017ee uspje\u0161no koristiti za igranje u vodi dok lopta pluta na povr\u0161ini! Lopta se koristi s <a href=\"https:\/\/dingogear.si\/izdelek\/nastavek-za-hiter-izpust-zoge\/\">nastavkom za brzo otpu\u0161tanje<\/a>.<\/p>\n<p>Testirano i odobreno od strane profesionalnih trenera.<\/p>\n<p>Zna\u010dajke lopte:<\/p>\n<ul>\n<li>guma osigurava trajnu upotrebu<\/li>\n<li>izra\u017eajne \u017eute boje za lak\u0161e pronala\u017eenje na poligonu<\/li>\n<li>meka<\/li>\n<li>plutaju\u0107a<\/li>\n<li>BEZ ru\u010dke ili uzice<\/li>\n<li>parametri: # 63mm; te\u017eina &#8211; 0,1kg<\/li>\n<\/ul>\n<p>Svrha lopte:<\/p>\n<ul>\n<li>aportiranje \/ dono\u0161enje predmeta<\/li>\n<li>u\u010denje \u017evakanja<\/li>\n<li>trenirati pravilan ugriz psa<\/li>\n<li>igra<\/li>\n<\/ul>\n<p>SAVJET: Lopte su namijenjene za zabavu i trening uz pomo\u0107 vodi\u010da, ne ostavljajte loptu i psa bez nadzora, jer to za psa ne zna\u010di igru \u200b\u200bi u\u010denje.<br \/>\nLopta nije namijenjena igri vu\u010denja (&#8221;tug of war&#8221;).<\/p>\n","protected":false},"featured_media":11383,"comment_status":"open","ping_status":"closed","template":"","meta":{"_acf_changed":false},"product_brand":[2948],"product_cat":[809,1831,803,819,823],"product_tag":[747,1238],"class_list":{"0":"post-8531","1":"product","2":"type-product","3":"status-publish","4":"has-post-thumbnail","6":"product_brand-dingo-gear","7":"product_cat-igra-uz-trening","8":"product_cat-loptice","9":"product_cat-oprema-za-psa","10":"product_cat-pomagala-za-trening","11":"product_cat-trening-vodljivosti","12":"product_tag-igra-hr","13":"product_tag-vodljivost","14":"pa_material-zoge-guma-hr","15":"pa_oblika-velikost-zoge-okrugla-promjer-63-cm","16":"pa_trdota-zoge-meka-lopta-meka-guma","18":"first","19":"instock","20":"featured","21":"taxable","22":"shipping-taxable","23":"purchasable","24":"product-type-simple"},"acf":[],"_links":{"self":[{"href":"https:\/\/dingogear.si\/hr\/wp-json\/wp\/v2\/product\/8531","targetHints":{"allow":["GET"]}}],"collection":[{"href":"https:\/\/dingogear.si\/hr\/wp-json\/wp\/v2\/product"}],"about":[{"href":"https:\/\/dingogear.si\/hr\/wp-json\/wp\/v2\/types\/product"}],"replies":[{"embeddable":true,"href":"https:\/\/dingogear.si\/hr\/wp-json\/wp\/v2\/comments?post=8531"}],"wp:featuredmedia":[{"embeddable":true,"href":"https:\/\/dingogear.si\/hr\/wp-json\/wp\/v2\/media\/11383"}],"wp:attachment":[{"href":"https:\/\/dingogear.si\/hr\/wp-json\/wp\/v2\/media?parent=8531"}],"wp:term":[{"taxonomy":"product_brand","embeddable":true,"href":"https:\/\/dingogear.si\/hr\/wp-json\/wp\/v2\/product_brand?post=8531"},{"taxonomy":"product_cat","embeddable":true,"href":"https:\/\/dingogear.si\/hr\/wp-json\/wp\/v2\/product_cat?post=8531"},{"taxonomy":"product_tag","embeddable":true,"href":"https:\/\/dingogear.si\/hr\/wp-json\/wp\/v2\/product_tag?post=8531"}],"curies":[{"name":"wp","href":"https:\/\/api.w.org\/{rel}","templated":true}]}}