{"id":8534,"date":"2024-08-01T10:20:30","date_gmt":"2020-05-06T10:45:30","guid":{"rendered":"https:\/\/dingogear.si\/?post_type=product&#038;p=8534"},"modified":"2024-08-01T10:11:16","modified_gmt":"2024-08-01T08:11:16","slug":"lopta-iz-eco-koze-sa-ruckom","status":"publish","type":"product","link":"https:\/\/dingogear.si\/hr\/lopta-iz-eco-koze-sa-ruckom\/","title":{"rendered":"Lopta iz ECO ko\u017ee sa ru\u010dkom"},"content":{"rendered":"<p><a href=\"https:\/\/dingogear.si\/wp-content\/uploads\/2018\/11\/eco_\u017eoge_vel.jpg\"><img decoding=\"async\" class=\"aligncenter size-full wp-image-3341\" src=\"https:\/\/dingogear.si\/wp-content\/uploads\/2018\/11\/eco_\u017eoge_vel.jpg\" alt=\"\" width=\"1156\" height=\"676\" title=\"\" srcset=\"https:\/\/dingogear.si\/wp-content\/uploads\/2018\/11\/eco_\u017eoge_vel.jpg 1156w, https:\/\/dingogear.si\/wp-content\/uploads\/2018\/11\/eco_\u017eoge_vel-300x175.jpg 300w, https:\/\/dingogear.si\/wp-content\/uploads\/2018\/11\/eco_\u017eoge_vel-768x449.jpg 768w, https:\/\/dingogear.si\/wp-content\/uploads\/2018\/11\/eco_\u017eoge_vel-1024x599.jpg 1024w, https:\/\/dingogear.si\/wp-content\/uploads\/2018\/11\/eco_\u017eoge_vel-200x117.jpg 200w, https:\/\/dingogear.si\/wp-content\/uploads\/2018\/11\/eco_\u017eoge_vel-400x234.jpg 400w, https:\/\/dingogear.si\/wp-content\/uploads\/2018\/11\/eco_\u017eoge_vel-600x351.jpg 600w, https:\/\/dingogear.si\/wp-content\/uploads\/2018\/11\/eco_\u017eoge_vel-800x468.jpg 800w, https:\/\/dingogear.si\/wp-content\/uploads\/2018\/11\/eco_\u017eoge_vel-500x292.jpg 500w, https:\/\/dingogear.si\/wp-content\/uploads\/2018\/11\/eco_\u017eoge_vel-700x409.jpg 700w\" sizes=\"(max-width: 1156px) 100vw, 1156px\" \/><\/a><\/p>\n","protected":false},"excerpt":{"rendered":"<p>Lopta iz ECO ko\u017ee sa ru\u010dkom &#8211; Mekana lopta od eko ko\u017ee punjena silikonom. Lopta pliva na vodi. Materijal od kojeg smo izradili loptu je izdr\u017eljiv i otporan na o\u0161te\u0107enja, a \u010dvrsto \u0161ivanje osigurava dug vijek trajanja. Ru\u010dka je izra\u0111ena od mekane trake i pru\u017ea visoku udobnost dr\u017eanja. Lopta nije osjetljiva pa je mo\u017eete koristiti du\u017ee vrijeme za treniranje i igru \u200b\u200bsa svojim psom.<\/p>\n<p>Lopta je dostupna u dvije boje i dvije veli\u010dine:<\/p>\n<ul>\n<li>\u017euta ili crvena<\/li>\n<li>promjera 9cm, 13cm ili 18cm<\/li>\n<\/ul>\n<p>Zna\u010dajke lopte:<\/p>\n<ul>\n<li>eco ko\u017ea<\/li>\n<li>ru\u010dno \u0161ivano<\/li>\n<li>plutaju\u0107a<\/li>\n<li>punjena silikonom<\/li>\n<li>meka<\/li>\n<li>ru\u010dka od \u0161iroke i mekane trake<\/li>\n<li>\u010dvrsti i jaki \u0161avovi<\/li>\n<li>parametri: duljina ru\u010dke 20 cm; promjer 9cm \/ 13cm \/ 18cm; te\u017eina &#8211; 0,1 kg<\/li>\n<\/ul>\n<p>Svrha lopte:<\/p>\n<ul>\n<li>aportiranje \/ dono\u0161enje predmeta<\/li>\n<li>u\u010denje \u017evakanja<\/li>\n<li>trenirati pravilan ugriz psa<\/li>\n<li>igra<\/li>\n<\/ul>\n<p>Lopta nije namijenjena igri vu\u010de!<\/p>\n","protected":false},"featured_media":9696,"comment_status":"open","ping_status":"closed","template":"","meta":{"_acf_changed":false},"product_brand":[2948],"product_cat":[809,1831,803,819,823],"product_tag":[747,1238],"class_list":{"0":"post-8534","1":"product","2":"type-product","3":"status-publish","4":"has-post-thumbnail","6":"product_brand-dingo-gear","7":"product_cat-igra-uz-trening","8":"product_cat-loptice","9":"product_cat-oprema-za-psa","10":"product_cat-pomagala-za-trening","11":"product_cat-trening-vodljivosti","12":"product_tag-igra-hr","13":"product_tag-vodljivost","14":"pa_barva-izdelka-fluorescentno-narancasta","15":"pa_barva-izdelka-fluorescentno-zelena-hr","16":"pa_barva-izdelka-pink-hr","17":"pa_barva-zoge-fluorescentno-crvena","18":"pa_barva-zoge-fluorescentno-zelena-hr","19":"pa_barva-zoge-pink-hr","20":"pa_material-zoge-eco-koza","21":"pa_material-zoge-koza","22":"pa_oblika-velikost-zoge-okrugla-promjer-13cm","23":"pa_oblika-velikost-zoge-okrugla-promjer-18cm","24":"pa_oblika-velikost-zoge-okrugla-promjer-8-cm","26":"first","27":"instock","28":"featured","29":"taxable","30":"shipping-taxable","31":"purchasable","32":"product-type-variable"},"acf":[],"_links":{"self":[{"href":"https:\/\/dingogear.si\/hr\/wp-json\/wp\/v2\/product\/8534","targetHints":{"allow":["GET"]}}],"collection":[{"href":"https:\/\/dingogear.si\/hr\/wp-json\/wp\/v2\/product"}],"about":[{"href":"https:\/\/dingogear.si\/hr\/wp-json\/wp\/v2\/types\/product"}],"replies":[{"embeddable":true,"href":"https:\/\/dingogear.si\/hr\/wp-json\/wp\/v2\/comments?post=8534"}],"wp:featuredmedia":[{"embeddable":true,"href":"https:\/\/dingogear.si\/hr\/wp-json\/wp\/v2\/media\/9696"}],"wp:attachment":[{"href":"https:\/\/dingogear.si\/hr\/wp-json\/wp\/v2\/media?parent=8534"}],"wp:term":[{"taxonomy":"product_brand","embeddable":true,"href":"https:\/\/dingogear.si\/hr\/wp-json\/wp\/v2\/product_brand?post=8534"},{"taxonomy":"product_cat","embeddable":true,"href":"https:\/\/dingogear.si\/hr\/wp-json\/wp\/v2\/product_cat?post=8534"},{"taxonomy":"product_tag","embeddable":true,"href":"https:\/\/dingogear.si\/hr\/wp-json\/wp\/v2\/product_tag?post=8534"}],"curies":[{"name":"wp","href":"https:\/\/api.w.org\/{rel}","templated":true}]}}