{"id":8561,"date":"2020-03-02T16:42:42","date_gmt":"2020-05-06T14:08:30","guid":{"rendered":"https:\/\/dingogear.si\/?post_type=product&#038;p=8561"},"modified":"2023-04-26T13:28:43","modified_gmt":"2023-04-26T11:28:43","slug":"kilt-pojas-za-trening-razlicitih-boja","status":"publish","type":"product","link":"https:\/\/dingogear.si\/hr\/kilt-pojas-za-trening-razlicitih-boja\/","title":{"rendered":"KILT pojas za trening razli\u010ditih boja"},"content":{"rendered":"","protected":false},"excerpt":{"rendered":"<p>Donji dio sinteti\u010dkog prsluka s podesivim remenom i kop\u010dom. Pogodan za trening i na ekstremnim temperaturama, jer se lako kombinira s odje\u0107om.<\/p>\n<ul>\n<li>ergonomski model<\/li>\n<li>izra\u0111en od rip-stop materijala<\/li>\n<li>d\u017eepovi vam omogu\u0107uju pohranjivanje pomagala za obuku pasa kao \u0161to su aporti, loptice, grickalice itd.<\/li>\n<li>D\u017eep za dokumente i telefon<\/li>\n<li>pojas je podesiv elasti\u010dnom trakom i dodatnim pojasom za jo\u0161 bolju stabilizaciju kilta tijekom intenzivnog kretanja<\/li>\n<li>perivo u perilici na 30 stupnjeva Celzija<\/li>\n<\/ul>\n","protected":false},"featured_media":8022,"comment_status":"open","ping_status":"closed","template":"","meta":{"_acf_changed":false},"product_brand":[2959],"product_cat":[1838,1740,817,825,823],"product_tag":[763],"class_list":{"0":"post-8561","1":"product","2":"type-product","3":"status-publish","4":"has-post-thumbnail","6":"product_brand-dingo","7":"product_cat-kiltovi-za-trening","8":"product_cat-odjela-za-vodica","9":"product_cat-oprema-za-vodica","10":"product_cat-trening-traganja","11":"product_cat-trening-vodljivosti","12":"product_tag-dodatki-za-trening","13":"pa_barva-trening-pasu-ljubicasta","14":"pa_barva-trening-pasu-roza-pink-hr","15":"pa_barva-trening-pasu-turkizno-plava","16":"pa_barva-trening-pasu-zelena-limeta-hr","17":"pa_velikost-trening-pasu-l-76-98-cm-hr","18":"pa_velikost-trening-pasu-m-64-98-cm-hr","19":"pa_velikost-trening-pasu-s-56-74-cm-hr","20":"pa_velikost-trening-pasu-xl-88-116-cm-hr","22":"first","23":"instock","24":"taxable","25":"shipping-taxable","26":"purchasable","27":"product-type-variable"},"acf":[],"_links":{"self":[{"href":"https:\/\/dingogear.si\/hr\/wp-json\/wp\/v2\/product\/8561","targetHints":{"allow":["GET"]}}],"collection":[{"href":"https:\/\/dingogear.si\/hr\/wp-json\/wp\/v2\/product"}],"about":[{"href":"https:\/\/dingogear.si\/hr\/wp-json\/wp\/v2\/types\/product"}],"replies":[{"embeddable":true,"href":"https:\/\/dingogear.si\/hr\/wp-json\/wp\/v2\/comments?post=8561"}],"wp:featuredmedia":[{"embeddable":true,"href":"https:\/\/dingogear.si\/hr\/wp-json\/wp\/v2\/media\/8022"}],"wp:attachment":[{"href":"https:\/\/dingogear.si\/hr\/wp-json\/wp\/v2\/media?parent=8561"}],"wp:term":[{"taxonomy":"product_brand","embeddable":true,"href":"https:\/\/dingogear.si\/hr\/wp-json\/wp\/v2\/product_brand?post=8561"},{"taxonomy":"product_cat","embeddable":true,"href":"https:\/\/dingogear.si\/hr\/wp-json\/wp\/v2\/product_cat?post=8561"},{"taxonomy":"product_tag","embeddable":true,"href":"https:\/\/dingogear.si\/hr\/wp-json\/wp\/v2\/product_tag?post=8561"}],"curies":[{"name":"wp","href":"https:\/\/api.w.org\/{rel}","templated":true}]}}