{"id":8594,"date":"2020-03-02T19:17:41","date_gmt":"2020-03-02T18:17:41","guid":{"rendered":"https:\/\/dingogear.si\/?post_type=product&#038;p=8594"},"modified":"2022-02-22T14:19:55","modified_gmt":"2022-02-22T13:19:55","slug":"prsluk-za-trening","status":"publish","type":"product","link":"https:\/\/dingogear.si\/hr\/prsluk-za-trening\/","title":{"rendered":"Prsluk za trening"},"content":{"rendered":"<p><a href=\"https:\/\/dingogear.si\/wp-content\/uploads\/2020\/03\/TELOVNIK_vsi.jpg\"><img decoding=\"async\" class=\"aligncenter wp-image-11889\" src=\"https:\/\/dingogear.si\/wp-content\/uploads\/2020\/03\/TELOVNIK_vsi.jpg\" alt=\"\" width=\"600\" height=\"600\" title=\"\" srcset=\"https:\/\/dingogear.si\/wp-content\/uploads\/2020\/03\/TELOVNIK_vsi.jpg 1000w, https:\/\/dingogear.si\/wp-content\/uploads\/2020\/03\/TELOVNIK_vsi-300x300.jpg 300w, https:\/\/dingogear.si\/wp-content\/uploads\/2020\/03\/TELOVNIK_vsi-150x150.jpg 150w, https:\/\/dingogear.si\/wp-content\/uploads\/2020\/03\/TELOVNIK_vsi-768x768.jpg 768w, https:\/\/dingogear.si\/wp-content\/uploads\/2020\/03\/TELOVNIK_vsi-500x500.jpg 500w, https:\/\/dingogear.si\/wp-content\/uploads\/2020\/03\/TELOVNIK_vsi-700x700.jpg 700w, https:\/\/dingogear.si\/wp-content\/uploads\/2020\/03\/TELOVNIK_vsi-100x100.jpg 100w\" sizes=\"(max-width: 600px) 100vw, 600px\" \/><\/a><\/p>\n","protected":false},"excerpt":{"rendered":"<p>Univerzalni prsluk za psa vodi\u010da izra\u0111en od lagane, otporne rip-stop tkanine. Lagani prsluk izra\u0111en od jakog materijala s mno\u0161tvom funkcionalnih d\u017eepova sprijeda i straga.<\/p>\n<p>Posebne zna\u010dajke:<\/p>\n<ul>\n<li>ergonomski model<\/li>\n<li>izra\u0111ena od lagane, izdr\u017eljive trajne RIP-STOP tkanine<\/li>\n<li>d\u017eep za odlaganje opreme za obuku pasa, poput loptice, igra\u010daka, kobasica i jastu\u010di\u0107a<\/li>\n<li>ima podesivu vezicu u struku za stabilizaciju prsluka tijekom intenzivnog kretanja<\/li>\n<li>unutarnji d\u017eepovi omogu\u0107uju pohranjivanje dokumenata ili telefona, ima i otvor za vre\u0107ice za izmet<\/li>\n<li>Dostupno u veli\u010dinama: XS, S, M, L, XL<\/li>\n<\/ul>\n","protected":false},"featured_media":11891,"comment_status":"open","ping_status":"closed","template":"","meta":{"_acf_changed":false},"product_brand":[],"product_cat":[1740,817,819,1836,825,823],"product_tag":[763],"class_list":{"0":"post-8594","1":"product","2":"type-product","3":"status-publish","4":"has-post-thumbnail","6":"product_cat-odjela-za-vodica","7":"product_cat-oprema-za-vodica","8":"product_cat-pomagala-za-trening","9":"product_cat-prsluki-za-trening","10":"product_cat-trening-traganja","11":"product_cat-trening-vodljivosti","12":"product_tag-dodatki-za-trening","13":"pa_barva-izdelka-crna-s-ruzicastom","14":"pa_barva-trening-pasu-ljubicasta","15":"pa_barva-trening-pasu-roza-pink-hr","16":"pa_barva-trening-pasu-turkizno-plava","17":"pa_barva-trening-pasu-zelena-limeta-hr","19":"first","20":"instock","21":"sale","22":"featured","23":"taxable","24":"shipping-taxable","25":"purchasable","26":"product-type-variable"},"acf":[],"_links":{"self":[{"href":"https:\/\/dingogear.si\/hr\/wp-json\/wp\/v2\/product\/8594","targetHints":{"allow":["GET"]}}],"collection":[{"href":"https:\/\/dingogear.si\/hr\/wp-json\/wp\/v2\/product"}],"about":[{"href":"https:\/\/dingogear.si\/hr\/wp-json\/wp\/v2\/types\/product"}],"replies":[{"embeddable":true,"href":"https:\/\/dingogear.si\/hr\/wp-json\/wp\/v2\/comments?post=8594"}],"wp:featuredmedia":[{"embeddable":true,"href":"https:\/\/dingogear.si\/hr\/wp-json\/wp\/v2\/media\/11891"}],"wp:attachment":[{"href":"https:\/\/dingogear.si\/hr\/wp-json\/wp\/v2\/media?parent=8594"}],"wp:term":[{"taxonomy":"product_brand","embeddable":true,"href":"https:\/\/dingogear.si\/hr\/wp-json\/wp\/v2\/product_brand?post=8594"},{"taxonomy":"product_cat","embeddable":true,"href":"https:\/\/dingogear.si\/hr\/wp-json\/wp\/v2\/product_cat?post=8594"},{"taxonomy":"product_tag","embeddable":true,"href":"https:\/\/dingogear.si\/hr\/wp-json\/wp\/v2\/product_tag?post=8594"}],"curies":[{"name":"wp","href":"https:\/\/api.w.org\/{rel}","templated":true}]}}