{"id":8686,"date":"2020-05-22T18:33:32","date_gmt":"2020-05-22T16:33:32","guid":{"rendered":"https:\/\/dingogear.si\/?post_type=product&#038;p=8686"},"modified":"2021-05-21T19:01:52","modified_gmt":"2021-05-21T17:01:52","slug":"aport-iz-koze-tvrda-koza-2","status":"publish","type":"product","link":"https:\/\/dingogear.si\/hr\/aport-iz-koze-tvrda-koza-2\/","title":{"rendered":"Aport iz ko\u017ee -TVRDA ko\u017ea"},"content":{"rendered":"","protected":false},"excerpt":{"rendered":"<p>Aport izra\u0111en od \u010dvr\u0161\u0107e ko\u017ee s jednom ru\u010dkom i u tri (3) razli\u010dite veli\u010dine, aport nema klasi\u010dni jastuk za zagriz, ali je \u010dvrst i ravan s vrlo malim punjenjem.<\/p>\n<p><strong>Zbog svog atraktivnog prirodnog mirisa preporu\u010dujemo ko\u017ene aporte za obuku odraslih i mladih pasa. Dizajniran za zabavu, u\u010denje poslu\u0161nosti i usavr\u0161avanje ugriza. Ispitivani i odobreni od strane profesionalnih trenera pasa.<\/strong><\/p>\n<p>Pouzdana kvaliteta i 100% zadovoljstvo. Ru\u010dno izra\u0111ene i profesionalno izra\u0111ene za profesionalnu upotrebu.<\/p>\n<p>Zna\u010dajke:<\/p>\n<p>&#8211; trajnost materijala<br \/>\n&#8211; prirodni miris<br \/>\n&#8211; ru\u010dka izra\u0111ena od \u0161irokog i Udobnog remena &#8211; pru\u017ea izvrsnu udobnost, zadr\u017eavaju\u0107i snagu povla\u010denja<br \/>\n&#8211; robusni i \u010dvrsti \u0161avovi osiguravaju visoku toleranciju na sna\u017ena izvla\u010denja<\/p>\n<p>Dostupno u razli\u010ditim dimenzijama!<\/p>\n","protected":false},"featured_media":18848,"comment_status":"open","ping_status":"closed","template":"","meta":{"_acf_changed":false},"product_brand":[2948],"product_cat":[807,803,819,823],"product_tag":[747,745],"class_list":{"0":"post-8686","1":"product","2":"type-product","3":"status-publish","4":"has-post-thumbnail","6":"product_brand-dingo-gear","7":"product_cat-kobasice-aporti","8":"product_cat-oprema-za-psa","9":"product_cat-pomagala-za-trening","10":"product_cat-trening-vodljivosti","11":"product_tag-igra-hr","12":"product_tag-kobasice","13":"pa_barva-aporta-smeda","14":"pa_dimenzije-aporta-6-x-18cm-hr","15":"pa_dimenzije-aporta-6-x-25cm-hr","16":"pa_dimenzije-aporta-7-x-28cm-hr","17":"pa_material-aporta-koza","18":"pa_oblika-aporta-ravan","19":"pa_stevilo-rocajev-na-aportu-1-rucka","21":"first","22":"instock","23":"taxable","24":"shipping-taxable","25":"purchasable","26":"product-type-variable"},"acf":[],"_links":{"self":[{"href":"https:\/\/dingogear.si\/hr\/wp-json\/wp\/v2\/product\/8686","targetHints":{"allow":["GET"]}}],"collection":[{"href":"https:\/\/dingogear.si\/hr\/wp-json\/wp\/v2\/product"}],"about":[{"href":"https:\/\/dingogear.si\/hr\/wp-json\/wp\/v2\/types\/product"}],"replies":[{"embeddable":true,"href":"https:\/\/dingogear.si\/hr\/wp-json\/wp\/v2\/comments?post=8686"}],"wp:featuredmedia":[{"embeddable":true,"href":"https:\/\/dingogear.si\/hr\/wp-json\/wp\/v2\/media\/18848"}],"wp:attachment":[{"href":"https:\/\/dingogear.si\/hr\/wp-json\/wp\/v2\/media?parent=8686"}],"wp:term":[{"taxonomy":"product_brand","embeddable":true,"href":"https:\/\/dingogear.si\/hr\/wp-json\/wp\/v2\/product_brand?post=8686"},{"taxonomy":"product_cat","embeddable":true,"href":"https:\/\/dingogear.si\/hr\/wp-json\/wp\/v2\/product_cat?post=8686"},{"taxonomy":"product_tag","embeddable":true,"href":"https:\/\/dingogear.si\/hr\/wp-json\/wp\/v2\/product_tag?post=8686"}],"curies":[{"name":"wp","href":"https:\/\/api.w.org\/{rel}","templated":true}]}}