{"id":8728,"date":"2020-05-26T15:50:41","date_gmt":"2020-05-26T13:50:41","guid":{"rendered":"https:\/\/dingogear.si\/?post_type=product&#038;p=8728"},"modified":"2020-05-26T16:03:34","modified_gmt":"2020-05-26T14:03:34","slug":"torba-dodatak-za-ormu-military-molle","status":"publish","type":"product","link":"https:\/\/dingogear.si\/hr\/torba-dodatak-za-ormu-military-molle\/","title":{"rendered":"Torba &#8211; dodatak za ormu MILITARY MOLLE"},"content":{"rendered":"<p>Parametri:<\/p>\n<table width=\"432\">\n<tbody>\n<tr>\n<td width=\"70\"><span style=\"font-style: inherit; font-weight: inherit;\">Koda<\/span><\/td>\n<td width=\"106\"><span style=\"font-style: inherit; font-weight: inherit;\">Boja<\/span><\/td>\n<td width=\"64\"><span style=\"font-style: inherit; font-weight: inherit;\">Premer<\/span><\/td>\n<td width=\"64\"><span style=\"font-style: inherit; font-weight: inherit;\">Visina<\/span><\/td>\n<td width=\"64\"><span style=\"font-style: inherit; font-weight: inherit;\">Globina<\/span><\/td>\n<td width=\"64\"><span style=\"font-style: inherit; font-weight: inherit;\">Te\u017eina<\/span><\/td>\n<\/tr>\n<tr>\n<td><span style=\"font-style: inherit; font-weight: inherit;\">S03177<\/span><\/td>\n<td><span style=\"font-style: inherit; font-weight: inherit;\">crna<\/span><\/td>\n<td><span style=\"font-style: inherit; font-weight: inherit;\">24cm<\/span><\/td>\n<td><span style=\"font-style: inherit; font-weight: inherit;\">15cm<\/span><\/td>\n<td><span style=\"font-style: inherit; font-weight: inherit;\">8cm<\/span><\/td>\n<td><span style=\"font-style: inherit; font-weight: inherit;\">189g<\/span><\/td>\n<\/tr>\n<tr>\n<td><span style=\"font-style: inherit; font-weight: inherit;\">S03178<\/span><\/td>\n<td><span style=\"font-style: inherit; font-weight: inherit;\">kojotno sme\u0111a<\/span><\/td>\n<td><span style=\"font-style: inherit; font-weight: inherit;\">24cm<\/span><\/td>\n<td><span style=\"font-style: inherit; font-weight: inherit;\">15cm<\/span><\/td>\n<td><span style=\"font-style: inherit; font-weight: inherit;\">8cm<\/span><\/td>\n<td><span style=\"font-style: inherit; font-weight: inherit;\">189g<\/span><\/td>\n<\/tr>\n<\/tbody>\n<\/table>\n","protected":false},"excerpt":{"rendered":"<p>Organizator &#8211; takti\u010dki d\u017eep MILITARY MOLLE dodatna je torba za odlaganje raznih predmeta za takti\u010dku ormu <a href=\"https:\/\/dingogear.si\/hr\/izdelek\/radna-orma-orma-za-rad-cobra-molle-cordura\/\">Radna orma \u2013 Orma za rad COBRA MOLLE CORDURA<\/a>. Zahvaljuju\u0107i modularnom MOLLE sustavu no\u0161enja, na ormu mo\u017eete pri\u010dvrstiti razne dodatke za takti\u010dki rad s psima. Uzorci d\u017eepova i boca sa vodom uzeti su iz vojne opreme. Napravili smo ih od Cordura\u00ae materijala vrlo pa\u017eljivo, kako bismo mogli slu\u017eiti svojim kupcima dugi niz godina.<\/p>\n<p>&#8211; MOLLE sustav<br \/>\n&#8211; Cordura\u00ae materijal<br \/>\n&#8211; sustav remena<br \/>\n&#8211; Velcro za personalizaciju i pri\u010dvr\u0161\u0107ivanje<br \/>\n&#8211; YKK patentni zatvara\u010d<\/p>\n","protected":false},"featured_media":8711,"comment_status":"open","ping_status":"closed","template":"","meta":{"_acf_changed":false},"product_brand":[2948],"product_cat":[813,803,817,819],"product_tag":[2154,1844],"class_list":{"0":"post-8728","1":"product","2":"type-product","3":"status-publish","4":"has-post-thumbnail","6":"product_brand-dingo-gear","7":"product_cat-hamovi-orma","8":"product_cat-oprema-za-psa","9":"product_cat-oprema-za-vodica","10":"product_cat-pomagala-za-trening","11":"product_tag-dodatak-za-ormu","12":"product_tag-dodatna-oprema-za-vodica","13":"pa_barva-izdelka-coyote-smeda","14":"pa_barva-izdelka-crna-hr","16":"first","17":"instock","18":"taxable","19":"shipping-taxable","20":"purchasable","21":"product-type-variable"},"acf":[],"_links":{"self":[{"href":"https:\/\/dingogear.si\/hr\/wp-json\/wp\/v2\/product\/8728","targetHints":{"allow":["GET"]}}],"collection":[{"href":"https:\/\/dingogear.si\/hr\/wp-json\/wp\/v2\/product"}],"about":[{"href":"https:\/\/dingogear.si\/hr\/wp-json\/wp\/v2\/types\/product"}],"replies":[{"embeddable":true,"href":"https:\/\/dingogear.si\/hr\/wp-json\/wp\/v2\/comments?post=8728"}],"wp:featuredmedia":[{"embeddable":true,"href":"https:\/\/dingogear.si\/hr\/wp-json\/wp\/v2\/media\/8711"}],"wp:attachment":[{"href":"https:\/\/dingogear.si\/hr\/wp-json\/wp\/v2\/media?parent=8728"}],"wp:term":[{"taxonomy":"product_brand","embeddable":true,"href":"https:\/\/dingogear.si\/hr\/wp-json\/wp\/v2\/product_brand?post=8728"},{"taxonomy":"product_cat","embeddable":true,"href":"https:\/\/dingogear.si\/hr\/wp-json\/wp\/v2\/product_cat?post=8728"},{"taxonomy":"product_tag","embeddable":true,"href":"https:\/\/dingogear.si\/hr\/wp-json\/wp\/v2\/product_tag?post=8728"}],"curies":[{"name":"wp","href":"https:\/\/api.w.org\/{rel}","templated":true}]}}