{"id":8798,"date":"2020-05-27T12:05:10","date_gmt":"2020-05-27T10:05:10","guid":{"rendered":"https:\/\/dingogear.si\/?post_type=product&#038;p=8798"},"modified":"2021-06-23T16:57:50","modified_gmt":"2021-06-23T14:57:50","slug":"dingo-gear-t-shirt-majica-s-kratkim-rukavima","status":"publish","type":"product","link":"https:\/\/dingogear.si\/hr\/dingo-gear-t-shirt-majica-s-kratkim-rukavima\/","title":{"rendered":"Dingo Gear T-shirt majica s kratkim rukavima"},"content":{"rendered":"<p><a href=\"https:\/\/dingogear.si\/wp-content\/uploads\/2020\/05\/S01616-S01620-tabela-velikosti.jpg\"><img decoding=\"async\" class=\"aligncenter size-full wp-image-10048\" src=\"https:\/\/dingogear.si\/wp-content\/uploads\/2020\/05\/S01616-S01620-tabela-velikosti.jpg\" alt=\"\" width=\"1000\" height=\"1000\" title=\"\" srcset=\"https:\/\/dingogear.si\/wp-content\/uploads\/2020\/05\/S01616-S01620-tabela-velikosti.jpg 1000w, https:\/\/dingogear.si\/wp-content\/uploads\/2020\/05\/S01616-S01620-tabela-velikosti-300x300.jpg 300w, https:\/\/dingogear.si\/wp-content\/uploads\/2020\/05\/S01616-S01620-tabela-velikosti-150x150.jpg 150w, https:\/\/dingogear.si\/wp-content\/uploads\/2020\/05\/S01616-S01620-tabela-velikosti-768x768.jpg 768w, https:\/\/dingogear.si\/wp-content\/uploads\/2020\/05\/S01616-S01620-tabela-velikosti-500x500.jpg 500w, https:\/\/dingogear.si\/wp-content\/uploads\/2020\/05\/S01616-S01620-tabela-velikosti-700x700.jpg 700w, https:\/\/dingogear.si\/wp-content\/uploads\/2020\/05\/S01616-S01620-tabela-velikosti-100x100.jpg 100w\" sizes=\"(max-width: 1000px) 100vw, 1000px\" \/><\/a><\/p>\n","protected":false},"excerpt":{"rendered":"<p>Crna pamu\u010dna majica za vodi\u010da s logotipom Dingo Gear. Majica je dostupna u pet veli\u010dina: S, M, L, XL, XXL.<\/p>\n","protected":false},"featured_media":10047,"comment_status":"open","ping_status":"closed","template":"","meta":{"_acf_changed":false},"product_brand":[2948],"product_cat":[1740,819,2189],"product_tag":[1844,2186],"class_list":{"0":"post-8798","1":"product","2":"type-product","3":"status-publish","4":"has-post-thumbnail","6":"product_brand-dingo-gear","7":"product_cat-odjela-za-vodica","8":"product_cat-pomagala-za-trening","9":"product_cat-t-shirt-majice","10":"product_tag-dodatna-oprema-za-vodica","11":"product_tag-t-shirt-hr","12":"pa_barva-izdelka-crna-hr","13":"pa_velikost-t-shirt-majice-l-hr","14":"pa_velikost-t-shirt-majice-m-hr","15":"pa_velikost-t-shirt-majice-s-hr","16":"pa_velikost-t-shirt-majice-xl-hr","17":"pa_velikost-t-shirt-majice-xxl-hr","19":"first","20":"instock","21":"taxable","22":"shipping-taxable","23":"purchasable","24":"product-type-variable"},"acf":[],"_links":{"self":[{"href":"https:\/\/dingogear.si\/hr\/wp-json\/wp\/v2\/product\/8798","targetHints":{"allow":["GET"]}}],"collection":[{"href":"https:\/\/dingogear.si\/hr\/wp-json\/wp\/v2\/product"}],"about":[{"href":"https:\/\/dingogear.si\/hr\/wp-json\/wp\/v2\/types\/product"}],"replies":[{"embeddable":true,"href":"https:\/\/dingogear.si\/hr\/wp-json\/wp\/v2\/comments?post=8798"}],"wp:featuredmedia":[{"embeddable":true,"href":"https:\/\/dingogear.si\/hr\/wp-json\/wp\/v2\/media\/10047"}],"wp:attachment":[{"href":"https:\/\/dingogear.si\/hr\/wp-json\/wp\/v2\/media?parent=8798"}],"wp:term":[{"taxonomy":"product_brand","embeddable":true,"href":"https:\/\/dingogear.si\/hr\/wp-json\/wp\/v2\/product_brand?post=8798"},{"taxonomy":"product_cat","embeddable":true,"href":"https:\/\/dingogear.si\/hr\/wp-json\/wp\/v2\/product_cat?post=8798"},{"taxonomy":"product_tag","embeddable":true,"href":"https:\/\/dingogear.si\/hr\/wp-json\/wp\/v2\/product_tag?post=8798"}],"curies":[{"name":"wp","href":"https:\/\/api.w.org\/{rel}","templated":true}]}}