{"id":8847,"date":"2020-05-27T17:33:04","date_gmt":"2020-05-27T15:33:04","guid":{"rendered":"https:\/\/dingogear.si\/?post_type=product&#038;p=8847"},"modified":"2021-12-30T13:31:00","modified_gmt":"2021-12-30T12:31:00","slug":"markiranje-traga-plasticna-zastavica-4kom","status":"publish","type":"product","link":"https:\/\/dingogear.si\/hr\/markiranje-traga-plasticna-zastavica-4kom\/","title":{"rendered":"Markiranje traga \u2013 PLASTI\u010cNA zastavica 4kom"},"content":{"rendered":"<p>Zastavice za markiranje traga. Zastavice (obojeni dio) izra\u0111ene su od robusne glatke plastike. \u0160tap je izra\u0111en od nehr\u0111aju\u0107eg \u010delika (promjera 5 mm). Duljina zastave je 50 cm. Karakteristi\u010dna \u017euta (fosfor) ili naran\u010dasta boja.<\/p>\n<p>4 zastavice u kompletu<\/p>\n<p>&nbsp;<\/p>\n","protected":false},"excerpt":{"rendered":"<p>Zastavice za markiranje traga. Zastavice (obojeni dio) izra\u0111ene su od robusne glatke plastike. \u0160tap je izra\u0111en od nehr\u0111aju\u0107eg \u010delika (promjera 5 mm). Duljina zastave je 50 cm. Karakteristi\u010dna \u017euta (fosfor) ili naran\u010dasta boja.<\/p>\n<p>4 zastavice u kompletu.<\/p>\n<p>&nbsp;<\/p>\n","protected":false},"featured_media":11828,"comment_status":"open","ping_status":"closed","template":"","meta":{"_acf_changed":false},"product_brand":[2949],"product_cat":[819,783,825],"product_tag":[763,1500,761],"class_list":{"0":"post-8847","1":"product","2":"type-product","3":"status-publish","4":"has-post-thumbnail","6":"product_brand-raddog","7":"product_cat-pomagala-za-trening","8":"product_cat-oprema-za-trening-poligon","9":"product_cat-trening-traganja","10":"product_tag-dodatki-za-trening","11":"product_tag-poligon","12":"product_tag-traganje","14":"first","15":"instock","16":"featured","17":"taxable","18":"shipping-taxable","19":"purchasable","20":"product-type-simple"},"acf":[],"_links":{"self":[{"href":"https:\/\/dingogear.si\/hr\/wp-json\/wp\/v2\/product\/8847","targetHints":{"allow":["GET"]}}],"collection":[{"href":"https:\/\/dingogear.si\/hr\/wp-json\/wp\/v2\/product"}],"about":[{"href":"https:\/\/dingogear.si\/hr\/wp-json\/wp\/v2\/types\/product"}],"replies":[{"embeddable":true,"href":"https:\/\/dingogear.si\/hr\/wp-json\/wp\/v2\/comments?post=8847"}],"wp:featuredmedia":[{"embeddable":true,"href":"https:\/\/dingogear.si\/hr\/wp-json\/wp\/v2\/media\/11828"}],"wp:attachment":[{"href":"https:\/\/dingogear.si\/hr\/wp-json\/wp\/v2\/media?parent=8847"}],"wp:term":[{"taxonomy":"product_brand","embeddable":true,"href":"https:\/\/dingogear.si\/hr\/wp-json\/wp\/v2\/product_brand?post=8847"},{"taxonomy":"product_cat","embeddable":true,"href":"https:\/\/dingogear.si\/hr\/wp-json\/wp\/v2\/product_cat?post=8847"},{"taxonomy":"product_tag","embeddable":true,"href":"https:\/\/dingogear.si\/hr\/wp-json\/wp\/v2\/product_tag?post=8847"}],"curies":[{"name":"wp","href":"https:\/\/api.w.org\/{rel}","templated":true}]}}