{"id":8912,"date":"2020-06-30T11:10:35","date_gmt":"2020-06-30T09:10:35","guid":{"rendered":"https:\/\/dingogear.si\/?post_type=product&#038;p=8912"},"modified":"2020-06-30T12:43:51","modified_gmt":"2020-06-30T10:43:51","slug":"kozni-aport-kabanos","status":"publish","type":"product","link":"https:\/\/dingogear.si\/hr\/kozni-aport-kabanos\/","title":{"rendered":"Ko\u017eni aport KABANOS"},"content":{"rendered":"","protected":false},"excerpt":{"rendered":"<p>Ko\u017eni aport je narejen iz naravnega mehkega usnja, namenjenega igranju in treningu. Zaradi svoje mehkosti in privla\u010dnega naravnega vonja ga priporo\u010damo predvsem za trening mladih psov v za\u010detnih fazah usposabljanja. * Priporo\u010dajo jih trenerji za treniranje psov v poklicnih evropskih centrih. Napolnjeno z mehkim polnilom. Ro\u010daj iz mehke vrvi zagotavlja visoko udobje dr\u017eanja.<\/p>\n<p>Na voljo v ve\u010d barvnih razli\u010dicah in dveh oblikah:<\/p>\n<ul>\n<li>razli\u010dne barve, izbira barve ni mo\u017ena<\/li>\n<li>2 dimenziji<\/li>\n<\/ul>\n<p>Zna\u010dilnosti:<\/p>\n<ul>\n<li>naravno usnje<\/li>\n<li>vonj<\/li>\n<li>ro\u010dno se\u0161ita<\/li>\n<li>mehka<\/li>\n<li>ro\u010daj iz mehke vrvi<\/li>\n<li>trden in mo\u010dan \u0161iv zagotavlja visoko vzdr\u017eljivost<\/li>\n<\/ul>\n<p>Namen \u017eoge:<\/p>\n<ul>\n<li>aportiranje \/ prina\u0161anje predmeta<\/li>\n<li>u\u010denje \u017eve\u010denja<\/li>\n<li>treniranje pravilnega ugriza psa<\/li>\n<li>igra<\/li>\n<\/ul>\n<p>NASVET: Igra\u010de so zasnovane za zabavo in usposabljanje s pomo\u010djo vodnika, ne pu\u0161\u010dajte aporta in psa brez nadzora, saj to za psa ne pomeni igre in u\u010denja.<\/p>\n","protected":false},"featured_media":10802,"comment_status":"open","ping_status":"closed","template":"","meta":{"_acf_changed":false},"product_brand":[2948],"product_cat":[809,807,803,819,823],"product_tag":[747,1858,1238],"class_list":{"0":"post-8912","1":"product","2":"type-product","3":"status-publish","4":"has-post-thumbnail","6":"product_brand-dingo-gear","7":"product_cat-igra-uz-trening","8":"product_cat-kobasice-aporti","9":"product_cat-oprema-za-psa","10":"product_cat-pomagala-za-trening","11":"product_cat-trening-vodljivosti","12":"product_tag-igra-hr","13":"product_tag-trening-mladih-pasa","14":"product_tag-vodljivost","15":"pa_dimenzije-aporta-5-x-16cm-hr","16":"pa_dimenzije-aporta-9-x-12cm-hr","17":"pa_material-aporta-koza","19":"first","20":"instock","21":"taxable","22":"shipping-taxable","23":"purchasable","24":"product-type-variable"},"acf":[],"_links":{"self":[{"href":"https:\/\/dingogear.si\/hr\/wp-json\/wp\/v2\/product\/8912","targetHints":{"allow":["GET"]}}],"collection":[{"href":"https:\/\/dingogear.si\/hr\/wp-json\/wp\/v2\/product"}],"about":[{"href":"https:\/\/dingogear.si\/hr\/wp-json\/wp\/v2\/types\/product"}],"replies":[{"embeddable":true,"href":"https:\/\/dingogear.si\/hr\/wp-json\/wp\/v2\/comments?post=8912"}],"wp:featuredmedia":[{"embeddable":true,"href":"https:\/\/dingogear.si\/hr\/wp-json\/wp\/v2\/media\/10802"}],"wp:attachment":[{"href":"https:\/\/dingogear.si\/hr\/wp-json\/wp\/v2\/media?parent=8912"}],"wp:term":[{"taxonomy":"product_brand","embeddable":true,"href":"https:\/\/dingogear.si\/hr\/wp-json\/wp\/v2\/product_brand?post=8912"},{"taxonomy":"product_cat","embeddable":true,"href":"https:\/\/dingogear.si\/hr\/wp-json\/wp\/v2\/product_cat?post=8912"},{"taxonomy":"product_tag","embeddable":true,"href":"https:\/\/dingogear.si\/hr\/wp-json\/wp\/v2\/product_tag?post=8912"}],"curies":[{"name":"wp","href":"https:\/\/api.w.org\/{rel}","templated":true}]}}