{"id":9092,"date":"2020-09-30T16:31:09","date_gmt":"2020-09-30T14:31:09","guid":{"rendered":"https:\/\/dingogear.si\/?post_type=product&#038;p=9092"},"modified":"2023-04-20T10:06:21","modified_gmt":"2023-04-20T08:06:21","slug":"radni-kombinezon-comfort","status":"publish","type":"product","link":"https:\/\/dingogear.si\/hr\/radni-kombinezon-comfort\/","title":{"rendered":"Radni kombinezon COMFORT"},"content":{"rendered":"<p><strong>Karakteristike odjela:<\/strong><\/p>\n<ul>\n<li>rip-stop tkanina<\/li>\n<li>crna boja<\/li>\n<li>remen za vje\u017ebanje u\u0161iven u strukturu odjela omogu\u0107uje no\u0161enje mnogih dodataka tijekom treninga ili hodanja<\/li>\n<li>prednji d\u017eep s velikim \u010di\u010dkom za personalizaciju odje\u0107e<\/li>\n<li>d\u017eepovi za opcionalno skladi\u0161tenje magneta za kori\u0161tenje s magnetskim igra\u010dkama<\/li>\n<li>odjelo je opremljeno patentnim zatvara\u010dem po cijeloj du\u017eini pa se vrlo lako obla\u010di<\/li>\n<li>hla\u010de imaju prakti\u010dne man\u0161ete na dnu, pri\u010dvr\u0161\u0107ene \u010di\u010dak trakom<\/li>\n<\/ul>\n<table width=\"455\">\n<tbody>\n<tr>\n<td width=\"143\">Koda<\/td>\n<td width=\"78\">S01110<\/td>\n<td width=\"78\">S01111<\/td>\n<td width=\"78\">S01112<\/td>\n<td width=\"78\">S01113<\/td>\n<\/tr>\n<tr>\n<td>Veli\u010dina<\/td>\n<td>M<\/td>\n<td>L<\/td>\n<td>XL<\/td>\n<td>XXL<\/td>\n<\/tr>\n<tr>\n<td>Duljina unutarnje strane noge<\/td>\n<td>70 cm<\/td>\n<td>75 cm<\/td>\n<td>80 cm<\/td>\n<td>85 cm<\/td>\n<\/tr>\n<tr>\n<td>Struk\/Pas<\/td>\n<td>85-105cm<\/td>\n<td>90-110cm<\/td>\n<td>95-125cm<\/td>\n<td>100-130cm<\/td>\n<\/tr>\n<tr>\n<td>Visina \u010dovjeka<\/td>\n<td>164-170cm<\/td>\n<td>170-176cm<\/td>\n<td>176-182cm<\/td>\n<td>182-188cm<\/td>\n<\/tr>\n<\/tbody>\n<\/table>\n","protected":false},"excerpt":{"rendered":"<p><strong>Radni kombinezon za rad sa psima<\/strong><\/p>\n<p><strong>Univerzalni kombinezon COMFORT<\/strong> izra\u0111en je od rip-stop tkanine. Materijal koji se koristi je <strong>poliestersko-pamu\u010dna tkanina<\/strong> koja je oja\u010dana dodavanjem dodatnih, ja\u010dih vlakana otpornih na trganje. Koristi se za \u0161ivanje uniformi za vojsku i druge slu\u017ebe. Dobro promi\u0161ljena struktura i moderan dizajn \u010dine ovo odijelo vrlo funkcionalnim komadom odje\u0107e za svakog vlasnika psa.<\/p>\n<p>&nbsp;<\/p>\n<p>&nbsp;<\/p>\n","protected":false},"featured_media":9087,"comment_status":"open","ping_status":"closed","template":"","meta":{"_acf_changed":false},"product_brand":[2948],"product_cat":[1740,817,2305],"product_tag":[2276,779],"class_list":{"0":"post-9092","1":"product","2":"type-product","3":"status-publish","4":"has-post-thumbnail","6":"product_brand-dingo-gear","7":"product_cat-odjela-za-vodica","8":"product_cat-oprema-za-vodica","9":"product_cat-radni-kombinezon","10":"product_tag-kombinezon-hr","11":"product_tag-zastitno-odjelo","12":"pa_barva-zascitne-obleke-crna-hr","13":"pa_material-zascitnih-oblacil-rip-stop-hr","14":"pa_velikost-kombinezona-l-unutranja-duzina-pantalona-75cm-pas-90-110cm-visina-coveka-170-176cm","15":"pa_velikost-kombinezona-m-unutranja-duzina-pantalona-70cm-pas-85-105cm-visina-coveka-164-170cm","16":"pa_velikost-kombinezona-xl-unutranja-duzina-pantalona-80cm-pas-95-125cm-visina-coveka-176-182cm","17":"pa_velikost-kombinezona-xxl-unutranja-duzina-pantalona-80cm-pas-100-130cm-visina-coveka-182-188cm","19":"first","20":"onbackorder","21":"taxable","22":"shipping-taxable","23":"purchasable","24":"product-type-variable"},"acf":[],"_links":{"self":[{"href":"https:\/\/dingogear.si\/hr\/wp-json\/wp\/v2\/product\/9092","targetHints":{"allow":["GET"]}}],"collection":[{"href":"https:\/\/dingogear.si\/hr\/wp-json\/wp\/v2\/product"}],"about":[{"href":"https:\/\/dingogear.si\/hr\/wp-json\/wp\/v2\/types\/product"}],"replies":[{"embeddable":true,"href":"https:\/\/dingogear.si\/hr\/wp-json\/wp\/v2\/comments?post=9092"}],"wp:featuredmedia":[{"embeddable":true,"href":"https:\/\/dingogear.si\/hr\/wp-json\/wp\/v2\/media\/9087"}],"wp:attachment":[{"href":"https:\/\/dingogear.si\/hr\/wp-json\/wp\/v2\/media?parent=9092"}],"wp:term":[{"taxonomy":"product_brand","embeddable":true,"href":"https:\/\/dingogear.si\/hr\/wp-json\/wp\/v2\/product_brand?post=9092"},{"taxonomy":"product_cat","embeddable":true,"href":"https:\/\/dingogear.si\/hr\/wp-json\/wp\/v2\/product_cat?post=9092"},{"taxonomy":"product_tag","embeddable":true,"href":"https:\/\/dingogear.si\/hr\/wp-json\/wp\/v2\/product_tag?post=9092"}],"curies":[{"name":"wp","href":"https:\/\/api.w.org\/{rel}","templated":true}]}}