{"id":9127,"date":"2020-10-07T20:03:44","date_gmt":"2020-10-07T18:03:44","guid":{"rendered":"https:\/\/dingogear.si\/?post_type=product&#038;p=9127"},"modified":"2022-08-19T12:57:44","modified_gmt":"2022-08-19T10:57:44","slug":"metalna-brnjica-gumirana-metalna-brnjica-nemski-ovcar-gsd","status":"publish","type":"product","link":"https:\/\/dingogear.si\/hr\/metalna-brnjica-gumirana-metalna-brnjica-nemski-ovcar-gsd\/","title":{"rendered":"Metalna brnjica- gumirana metalna brnjica NEM\u0160KI OV\u010cAR GSD"},"content":{"rendered":"","protected":false},"excerpt":{"rendered":"<div>Ova profesionalna nju\u0161ka ugodan je i svestran proizvod, preporu\u010duje se za svakodnevnu upotrebu u dugim \u0161etnjama, kao i policijskim patrolama i vje\u017ebama. .<\/div>\n<div>Poseban dizajn ko\u0161are omogu\u0107uje psu da pravilno di\u0161e, pije vodu i uzima hranu na pr. iz ruke vodi\u010da. Metal je presvu\u010den posebnom gumom, koja sprje\u010dava da se pse\u0107a usta, nos ili jezik smrznu na metalnim elementima nju\u0161ke.<\/div>\n<div>Sve trake izra\u0111ene su od najkvalitetnije prave ko\u017ee, a glavnu kop\u010du klik-klak izra\u0111uje renomirana tvrtka HS. Sve zakovice izra\u0111ene su od kromiranog punog mesinga, koji sprje\u010dava koroziju ako ovi elementi do\u0111u u kontakt s vodom.<\/div>\n<div>Kombinacija izdr\u017eljive, jake i istodobno lagane ko\u0161arice s ko\u017enim remenom, koju proizvodimo u tvrtki Dingo Gear, daje vam profesionalnu nju\u0161ku koja \u0107e jo\u0161 dugo postati sastavni dio opreme va\u0161eg psa.<\/div>\n<div><\/div>\n<ul>\n<li>Debeli podstavljeni dio od filca \u0161titi i apsorbira ve\u0107inu sile koja djeluje na psa, u\u010dinkovito smanjuju\u0107i mogu\u0107nost bilo kakve boli \u010dine\u0107i da pas nestrpljivo i zaigrano ponavlja vje\u017ebu!<\/li>\n<li>Filc tako\u0111er pokriva bo\u010dne strane usana psa i \u0161titi od ogrebotina<\/li>\n<\/ul>\n<table style=\"height: 129px;\" width=\"371\">\n<tbody>\n<tr>\n<td width=\"94\"><span style=\"font-size: 14.4px;\">Koda<\/span><\/td>\n<td width=\"122\"><span style=\"font-size: 14.4px;\">Du\u017eina brnjice<\/span><\/td>\n<td width=\"64\"><span style=\"font-size: 14.4px;\">Opseg brnjice<\/span><\/td>\n<\/tr>\n<tr>\n<td><span style=\"font-size: 14.4px;\">S03040<\/span><\/td>\n<td><span style=\"font-size: 14.4px;\">10,5cm<\/span><\/td>\n<td><span style=\"font-size: 14.4px;\">35cm<\/span><\/td>\n<\/tr>\n<tr>\n<td><span style=\"font-size: 14.4px;\">S03041<\/span><\/td>\n<td><span style=\"font-size: 14.4px;\">11,5cm<\/span><\/td>\n<td><span style=\"font-size: 14.4px;\">37cm<\/span><\/td>\n<\/tr>\n<tr>\n<td><span style=\"font-size: 14.4px;\">S03042<\/span><\/td>\n<td><span style=\"font-size: 14.4px;\">12,5cm<\/span><\/td>\n<td><span style=\"font-size: 14.4px;\">43cm<\/span><\/td>\n<\/tr>\n<\/tbody>\n<\/table>\n","protected":false},"featured_media":11179,"comment_status":"open","ping_status":"closed","template":"","meta":{"_acf_changed":false},"product_brand":[2948],"product_cat":[821,811,803],"product_tag":[751,1240],"class_list":{"0":"post-9127","1":"product","2":"type-product","3":"status-publish","4":"has-post-thumbnail","6":"product_brand-dingo-gear","7":"product_cat-trening-obrane","8":"product_cat-brnjice","9":"product_cat-oprema-za-psa","10":"product_tag-brnjice","11":"product_tag-obrana","12":"pa_material-nagobcnika-metalni","13":"pa_material-nagobcnika-metalni-preobucen-gumom","14":"pa_velikost-nagobcnika-velikost-l-veci-nemski-ovcar","15":"pa_velikost-nagobcnika-velikost-m-srednji-nemski-ovcar-hr","16":"pa_velikost-nagobcnika-velikost-s-manji-nemski-ovcar","18":"first","19":"instock","20":"taxable","21":"shipping-taxable","22":"purchasable","23":"product-type-variable"},"acf":[],"_links":{"self":[{"href":"https:\/\/dingogear.si\/hr\/wp-json\/wp\/v2\/product\/9127","targetHints":{"allow":["GET"]}}],"collection":[{"href":"https:\/\/dingogear.si\/hr\/wp-json\/wp\/v2\/product"}],"about":[{"href":"https:\/\/dingogear.si\/hr\/wp-json\/wp\/v2\/types\/product"}],"replies":[{"embeddable":true,"href":"https:\/\/dingogear.si\/hr\/wp-json\/wp\/v2\/comments?post=9127"}],"wp:featuredmedia":[{"embeddable":true,"href":"https:\/\/dingogear.si\/hr\/wp-json\/wp\/v2\/media\/11179"}],"wp:attachment":[{"href":"https:\/\/dingogear.si\/hr\/wp-json\/wp\/v2\/media?parent=9127"}],"wp:term":[{"taxonomy":"product_brand","embeddable":true,"href":"https:\/\/dingogear.si\/hr\/wp-json\/wp\/v2\/product_brand?post=9127"},{"taxonomy":"product_cat","embeddable":true,"href":"https:\/\/dingogear.si\/hr\/wp-json\/wp\/v2\/product_cat?post=9127"},{"taxonomy":"product_tag","embeddable":true,"href":"https:\/\/dingogear.si\/hr\/wp-json\/wp\/v2\/product_tag?post=9127"}],"curies":[{"name":"wp","href":"https:\/\/api.w.org\/{rel}","templated":true}]}}