{"id":9140,"date":"2020-10-07T20:24:33","date_gmt":"2020-10-07T18:24:33","guid":{"rendered":"https:\/\/dingogear.si\/?post_type=product&#038;p=9140"},"modified":"2022-08-19T12:57:44","modified_gmt":"2022-08-19T10:57:44","slug":"metalna-brnjica-gumirana-metalna-brnjica-belgijski-ovcar-malinois","status":"publish","type":"product","link":"https:\/\/dingogear.si\/hr\/metalna-brnjica-gumirana-metalna-brnjica-belgijski-ovcar-malinois\/","title":{"rendered":"Metalna brnjica \u2013 gumirana metalna brnjica BELGIJSKI OV\u010cAR MALINOIS"},"content":{"rendered":"<p>Kako izmjeriti?<\/p>\n<ul>\n<li>Duljina navedena u tabeli veli\u010dina trebala bi biti 0,5 do 1 cm du\u017ea od stvarne duljine pse\u0107e nju\u0161ke. Zahvaljuju\u0107i tome sprije\u010dit \u0107emo kontakt nju\u0161ke i nosa.<\/li>\n<li>Pri mjerenju opsega nju\u0161ke dr\u017eite nju\u0161ku otvorenom kao u polo\u017eaju disanja<\/li>\n<\/ul>\n<p><img decoding=\"async\" src=\"https:\/\/www.dingogear.com\/wp-content\/uploads\/obwod-kufy-300x300.jpg\" alt=\"\" title=\"\"><img decoding=\"async\" src=\"https:\/\/www.dingogear.com\/wp-content\/uploads\/dlugosc-kufy-300x300.jpg\" alt=\"\" title=\"\"><\/p>\n","protected":false},"excerpt":{"rendered":"<p>Ova profesionalna brnjica ugodan je i svestran proizvod, preporu\u010duje se za svakodnevnu upotrebu u dugim \u0161etnjama, kao i policijskim patrolama i vje\u017ebama.<\/p>\n<ul>\n<li>Poseban dizajn ko\u0161are omogu\u0107uje psu da pravilno di\u0161e, pije vodu i uzima hranu. iz ruke vodni\u010da.<\/li>\n<li>Metal je presvu\u010den posebnom gumom, koja sprje\u010dava da se pse\u0107a usta, nos ili jezik smrznu na metalnim elementima nju\u0161ke.<\/li>\n<li>Sve trake izra\u0111ene su od najkvalitetnije prave ko\u017ee, a glavnu kop\u010du tipa &#8221;klik-klak&#8221; izra\u0111uje renomirana tvrtka HS.<\/li>\n<li>Sve zakovice izra\u0111ene su od kromiranog punog mesinga, koji sprje\u010dava koroziju ako ti elementi do\u0111u u kontakt s vodom.<\/li>\n<li>Kombinacija izdr\u017eljive, jake i istodobno lagane ko\u0161arice s ko\u017enim remenom, koju proizvodimo u tvrtki Dingo Gear, daje vam profesionalnu brnjicu koja \u0107e jo\u0161 dugo biti sastavni dio opreme va\u0161eg psa.<\/li>\n<li>Debeli podstavljeni komad filca \u0161titi i apsorbira ve\u0107inu sile koja djeluje na psa, u\u010dinkovito smanjuju\u0107i mogu\u0107nost bilo kakve boli \u010dine\u0107i da pas nestrpljivo i zaigrano ponavlja vje\u017ebu!<\/li>\n<li>Filc tako\u0111er pokriva bo\u010dne strane usana psa i \u0161titi od ogrebotina<\/li>\n<\/ul>\n<table style=\"border-collapse: collapse; width: 318px; height: 81px;\" border=\"0\" width=\"192\" cellspacing=\"0\" cellpadding=\"0\">\n<tbody>\n<tr style=\"height: 13.8pt;\">\n<td class=\"xl65\" style=\"height: 13.8pt; width: 48pt;\" width=\"64\" height=\"18\"><span lang=\"PL\">Koda<\/span><\/td>\n<td class=\"xl66\" style=\"width: 48pt;\" width=\"64\">Du\u017eina brnjice<\/td>\n<td class=\"xl66\" style=\"width: 48pt;\" width=\"64\">Opseg brnjice<\/td>\n<\/tr>\n<tr style=\"height: 13.8pt;\">\n<td class=\"xl65\" style=\"height: 13.8pt;\" height=\"18\"><span lang=\"PL\">S03047<\/span><\/td>\n<td class=\"xl65\">10,5cm<\/td>\n<td class=\"xl65\">26cm<\/td>\n<\/tr>\n<tr style=\"height: 13.8pt;\">\n<td class=\"xl65\" style=\"height: 13.8pt;\" height=\"18\"><span lang=\"PL\">S03048<\/span><\/td>\n<td class=\"xl65\">11,5cm<\/td>\n<td class=\"xl65\">29cm<\/td>\n<\/tr>\n<\/tbody>\n<\/table>\n","protected":false},"featured_media":11171,"comment_status":"open","ping_status":"closed","template":"","meta":{"_acf_changed":false},"product_brand":[2948],"product_cat":[821,811,803],"product_tag":[751,1240],"class_list":{"0":"post-9140","1":"product","2":"type-product","3":"status-publish","4":"has-post-thumbnail","6":"product_brand-dingo-gear","7":"product_cat-trening-obrane","8":"product_cat-brnjice","9":"product_cat-oprema-za-psa","10":"product_tag-brnjice","11":"product_tag-obrana","12":"pa_material-nagobcnika-metalni","13":"pa_material-nagobcnika-metalni-preobucen-gumom","14":"pa_velikost-nagobcnika-velicina-kuja","15":"pa_velikost-nagobcnika-velicina-pas","17":"first","18":"instock","19":"taxable","20":"shipping-taxable","21":"purchasable","22":"product-type-variable"},"acf":[],"_links":{"self":[{"href":"https:\/\/dingogear.si\/hr\/wp-json\/wp\/v2\/product\/9140","targetHints":{"allow":["GET"]}}],"collection":[{"href":"https:\/\/dingogear.si\/hr\/wp-json\/wp\/v2\/product"}],"about":[{"href":"https:\/\/dingogear.si\/hr\/wp-json\/wp\/v2\/types\/product"}],"replies":[{"embeddable":true,"href":"https:\/\/dingogear.si\/hr\/wp-json\/wp\/v2\/comments?post=9140"}],"wp:featuredmedia":[{"embeddable":true,"href":"https:\/\/dingogear.si\/hr\/wp-json\/wp\/v2\/media\/11171"}],"wp:attachment":[{"href":"https:\/\/dingogear.si\/hr\/wp-json\/wp\/v2\/media?parent=9140"}],"wp:term":[{"taxonomy":"product_brand","embeddable":true,"href":"https:\/\/dingogear.si\/hr\/wp-json\/wp\/v2\/product_brand?post=9140"},{"taxonomy":"product_cat","embeddable":true,"href":"https:\/\/dingogear.si\/hr\/wp-json\/wp\/v2\/product_cat?post=9140"},{"taxonomy":"product_tag","embeddable":true,"href":"https:\/\/dingogear.si\/hr\/wp-json\/wp\/v2\/product_tag?post=9140"}],"curies":[{"name":"wp","href":"https:\/\/api.w.org\/{rel}","templated":true}]}}