{"id":9149,"date":"2020-10-07T20:50:17","date_gmt":"2020-10-07T18:50:17","guid":{"rendered":"https:\/\/dingogear.si\/?post_type=product&#038;p=9149"},"modified":"2022-08-19T12:57:44","modified_gmt":"2022-08-19T10:57:44","slug":"metalna-brnjica-gumirana-metalna-brnjica-rottweiler","status":"publish","type":"product","link":"https:\/\/dingogear.si\/hr\/metalna-brnjica-gumirana-metalna-brnjica-rottweiler\/","title":{"rendered":"Metalna brnjica &#8211; gumirana metalna brnjica ROTTWEILER"},"content":{"rendered":"","protected":false},"excerpt":{"rendered":"<div>Ova profesionalna nju\u0161ka ugodan je i svestran proizvod, preporu\u010duje se za svakodnevnu upotrebu u dugim \u0161etnjama, kao i policijskim patrolama i vje\u017ebama.<\/div>\n<div><\/div>\n<ul>\n<li>Poseban dizajn ko\u0161are omogu\u0107uje psu da pravilno di\u0161e, pije vodu i uzima hranu na pr. iz ruke vodi\u010da.<\/li>\n<li>Metal je presvu\u010den posebnom gumom, koja sprje\u010dava da se pse\u0107a usta, nos ili jezik smrznu na metalnim elementima nju\u0161ke.<\/li>\n<li>Sve trake izra\u0111ene su od najkvalitetnije prave ko\u017ee, a glavnu kop\u010du klik-klak izra\u0111uje renomirana tvrtka HS.<\/li>\n<li>Sve zakovice izra\u0111ene su od kromiranog punog mesinga, koji sprje\u010dava koroziju ako ovi elementi do\u0111u u kontakt s vodom.<\/li>\n<li>Kombinacija izdr\u017eljive, jake i istodobno lagane ko\u0161arice s ko\u017enim remenom, koju proizvodimo u tvrtki Dingo Gear, daje vam profesionalnu nju\u0161ku koja \u0107e jo\u0161 dugo postati sastavni dio opreme va\u0161eg psa.<\/li>\n<li>Debeli podstavljeni dio od filca \u0161titi i apsorbira ve\u0107inu sile koja djeluje na psa, u\u010dinkovito smanjuju\u0107i mogu\u0107nost bilo kakve boli \u010dine\u0107i da pas nestrpljivo i zaigrano ponavlja vje\u017ebu!<\/li>\n<li>Filc tako\u0111er pokriva bo\u010dne strane usana psa i \u0161titi od ogrebotina<\/li>\n<\/ul>\n<table style=\"border-collapse: collapse; width: 339px; height: 80px;\" border=\"0\" width=\"192\" cellspacing=\"0\" cellpadding=\"0\">\n<tbody>\n<tr style=\"height: 13.8pt;\">\n<td class=\"xl65\" style=\"height: 13.8pt; width: 48pt;\" width=\"64\" height=\"18\"><span lang=\"PL\" style=\"font-size: 14.4px;\">Koda<\/span><\/td>\n<td class=\"xl66\" style=\"width: 48pt;\" width=\"64\"><span style=\"font-size: 14.4px;\">Du\u017eina brnjice<\/span><\/td>\n<td class=\"xl66\" style=\"width: 48pt;\" width=\"64\"><span style=\"font-size: 14.4px;\">Opseg brnjice<\/span><\/td>\n<\/tr>\n<tr style=\"height: 13.8pt;\">\n<td class=\"xl65\" style=\"height: 13.8pt;\" height=\"18\"><span lang=\"PL\" style=\"font-size: 14.4px;\">S03045<\/span><\/td>\n<td class=\"xl65\"><span style=\"font-size: 14.4px;\">9,5cm<\/span><\/td>\n<td class=\"xl65\"><span style=\"font-size: 14.4px;\">38cm<\/span><\/td>\n<\/tr>\n<tr style=\"height: 13.8pt;\">\n<td class=\"xl65\" style=\"height: 13.8pt;\" height=\"18\"><span lang=\"PL\" style=\"font-size: 14.4px;\">S03046<\/span><\/td>\n<td class=\"xl65\"><span style=\"font-size: 14.4px;\">11cm<\/span><\/td>\n<td class=\"xl65\"><span style=\"font-size: 14.4px;\">41cm<\/span><\/td>\n<\/tr>\n<\/tbody>\n<\/table>\n","protected":false},"featured_media":11177,"comment_status":"open","ping_status":"closed","template":"","meta":{"_acf_changed":false},"product_brand":[2948],"product_cat":[821,811,803],"product_tag":[751,1240],"class_list":{"0":"post-9149","1":"product","2":"type-product","3":"status-publish","4":"has-post-thumbnail","6":"product_brand-dingo-gear","7":"product_cat-trening-obrane","8":"product_cat-brnjice","9":"product_cat-oprema-za-psa","10":"product_tag-brnjice","11":"product_tag-obrana","12":"pa_material-nagobcnika-metalni","13":"pa_material-nagobcnika-metalni-preobucen-gumom","14":"pa_velikost-nagobcnika-velicina-kuja","15":"pa_velikost-nagobcnika-velicina-pas","17":"first","18":"instock","19":"taxable","20":"shipping-taxable","21":"purchasable","22":"product-type-variable"},"acf":[],"_links":{"self":[{"href":"https:\/\/dingogear.si\/hr\/wp-json\/wp\/v2\/product\/9149","targetHints":{"allow":["GET"]}}],"collection":[{"href":"https:\/\/dingogear.si\/hr\/wp-json\/wp\/v2\/product"}],"about":[{"href":"https:\/\/dingogear.si\/hr\/wp-json\/wp\/v2\/types\/product"}],"replies":[{"embeddable":true,"href":"https:\/\/dingogear.si\/hr\/wp-json\/wp\/v2\/comments?post=9149"}],"wp:featuredmedia":[{"embeddable":true,"href":"https:\/\/dingogear.si\/hr\/wp-json\/wp\/v2\/media\/11177"}],"wp:attachment":[{"href":"https:\/\/dingogear.si\/hr\/wp-json\/wp\/v2\/media?parent=9149"}],"wp:term":[{"taxonomy":"product_brand","embeddable":true,"href":"https:\/\/dingogear.si\/hr\/wp-json\/wp\/v2\/product_brand?post=9149"},{"taxonomy":"product_cat","embeddable":true,"href":"https:\/\/dingogear.si\/hr\/wp-json\/wp\/v2\/product_cat?post=9149"},{"taxonomy":"product_tag","embeddable":true,"href":"https:\/\/dingogear.si\/hr\/wp-json\/wp\/v2\/product_tag?post=9149"}],"curies":[{"name":"wp","href":"https:\/\/api.w.org\/{rel}","templated":true}]}}