{"id":9259,"date":"2020-11-20T14:26:00","date_gmt":"2020-11-20T13:26:00","guid":{"rendered":"https:\/\/dingogear.si\/?post_type=product&#038;p=9259"},"modified":"2020-12-10T12:54:26","modified_gmt":"2020-12-10T11:54:26","slug":"metalna-poluzatezna-ogrlica-davilica-dvostruka","status":"publish","type":"product","link":"https:\/\/dingogear.si\/hr\/metalna-poluzatezna-ogrlica-davilica-dvostruka\/","title":{"rendered":"Metalna poluzatezna ogrlica davilica &#8211; DVOSTRUKA"},"content":{"rendered":"<div>\n<p><span style=\"color: #333333;\">Polzatezna kovinska ovratnica (dvojna). Narejena je iz visoko kakovostne kovine, prekrite s kromom, zato ne bo zarjavela. <\/span>Zatezna ovratnica je namenjena korekciji psa in se uporablja za discipliniranje brez povzro\u010danja bole\u010din. Sestavljena je iz dveh vrstic kromirane kovine. Visoka kakovost izdelka pomeni, da bo slu\u017eil ve\u010d let.<\/p>\n<p>Upo\u0161tevajte, da ovratnico psu &#8221;oble\u010dete&#8221;, zato je treba upo\u0161tevati tudi obseg glave, da lahko ovratnico enostavno oble\u010dete in snamete.<\/p>\n<\/div>\n<table style=\"height: 212px;\" width=\"409\">\n<tbody>\n<tr>\n<td width=\"126\">Koda izdelka<\/td>\n<td width=\"142\">dol\u017eina ovratnice<\/td>\n<td width=\"62\">\u00d8 debelina rinke<\/td>\n<\/tr>\n<tr>\n<td width=\"126\">13293<\/td>\n<td width=\"142\">30cm (dvojna)<\/td>\n<td width=\"62\">0,25mm<\/td>\n<\/tr>\n<tr>\n<td width=\"126\">13294<\/td>\n<td width=\"142\">35cm (dvojna)<\/td>\n<td width=\"62\">0,25mm<\/td>\n<\/tr>\n<tr>\n<td width=\"126\">13295<\/td>\n<td width=\"142\">40cm (dvojna)<\/td>\n<td width=\"62\">0,25mm<\/td>\n<\/tr>\n<tr>\n<td width=\"126\">13296<\/td>\n<td width=\"142\">45cm (dvojna)<\/td>\n<td width=\"62\">0,25mm<\/td>\n<\/tr>\n<tr>\n<td width=\"126\">13297<\/td>\n<td width=\"142\">50cm (dvojna)<\/td>\n<td width=\"62\">0,25mm<\/td>\n<\/tr>\n<tr>\n<td width=\"126\">13298<\/td>\n<td width=\"142\">55cm (dvojna)<\/td>\n<td width=\"62\">0,25mm<\/td>\n<\/tr>\n<\/tbody>\n<\/table>\n<div><\/div>\n","protected":false},"excerpt":{"rendered":"<div>\n<p><span style=\"color: #333333;\">Polzatezna kovinska ovratnica (dvojna). Narejena je iz visoko kakovostne kovine, prekrite s kromom, zato ne bo zarjavela. <\/span>Zatezna ovratnica je namenjena korekciji psa in se uporablja za discipliniranje brez povzro\u010danja bole\u010din. Sestavljena je iz dveh vrstic kromirane kovine. Visoka kakovost izdelka pomeni, da bo slu\u017eil ve\u010d let.<\/p>\n<p>Upo\u0161tevajte, da ovratnico psu &#8221;oble\u010dete&#8221;, zato je treba upo\u0161tevati tudi obseg glave, da lahko ovratnico enostavno oble\u010dete in snamete.<\/p>\n<\/div>\n<table style=\"height: 212px;\" width=\"409\">\n<tbody>\n<tr>\n<td width=\"126\">Koda izdelka<\/td>\n<td width=\"142\">dol\u017eina ovratnice<\/td>\n<td width=\"62\">\u00d8 debelina rinke<\/td>\n<\/tr>\n<tr>\n<td width=\"126\">13293<\/td>\n<td width=\"142\">30cm (dvojna)<\/td>\n<td width=\"62\">0,25mm<\/td>\n<\/tr>\n<tr>\n<td width=\"126\">13294<\/td>\n<td width=\"142\">35cm (dvojna)<\/td>\n<td width=\"62\">0,25mm<\/td>\n<\/tr>\n<tr>\n<td width=\"126\">13295<\/td>\n<td width=\"142\">40cm (dvojna)<\/td>\n<td width=\"62\">0,25mm<\/td>\n<\/tr>\n<tr>\n<td width=\"126\">13296<\/td>\n<td width=\"142\">45cm (dvojna)<\/td>\n<td width=\"62\">0,25mm<\/td>\n<\/tr>\n<tr>\n<td width=\"126\">13297<\/td>\n<td width=\"142\">50cm (dvojna)<\/td>\n<td width=\"62\">0,25mm<\/td>\n<\/tr>\n<tr>\n<td width=\"126\">13298<\/td>\n<td width=\"142\">55cm (dvojna)<\/td>\n<td width=\"62\">0,25mm<\/td>\n<\/tr>\n<\/tbody>\n<\/table>\n<div><\/div>\n","protected":false},"featured_media":18863,"comment_status":"open","ping_status":"closed","template":"","meta":{"_acf_changed":false},"product_brand":[2959],"product_cat":[815,803,821,823],"product_tag":[1240,753],"class_list":{"0":"post-9259","1":"product","2":"type-product","3":"status-publish","4":"has-post-thumbnail","6":"product_brand-dingo","7":"product_cat-ogrlice","8":"product_cat-oprema-za-psa","9":"product_cat-trening-obrane","10":"product_cat-trening-vodljivosti","11":"product_tag-obrana","12":"product_tag-ogrlice-i-davilice","13":"pa_barva-ovratnice-srebrna-hr","14":"pa_material-ovratnice-metalna","15":"pa_posebnost-ovratnice-poluzatezna-ogrlica","16":"pa_posebnost-ovratnice-zatezna-ogrlica","17":"pa_velikost-ovratnice-30cm-hr","18":"pa_velikost-ovratnice-35cm-hr","19":"pa_velikost-ovratnice-40cm-hr","20":"pa_velikost-ovratnice-45cm-hr","21":"pa_velikost-ovratnice-50cm-hr","22":"pa_velikost-ovratnice-55cm-hr","24":"first","25":"instock","26":"taxable","27":"shipping-taxable","28":"purchasable","29":"product-type-variable"},"acf":[],"_links":{"self":[{"href":"https:\/\/dingogear.si\/hr\/wp-json\/wp\/v2\/product\/9259","targetHints":{"allow":["GET"]}}],"collection":[{"href":"https:\/\/dingogear.si\/hr\/wp-json\/wp\/v2\/product"}],"about":[{"href":"https:\/\/dingogear.si\/hr\/wp-json\/wp\/v2\/types\/product"}],"replies":[{"embeddable":true,"href":"https:\/\/dingogear.si\/hr\/wp-json\/wp\/v2\/comments?post=9259"}],"wp:featuredmedia":[{"embeddable":true,"href":"https:\/\/dingogear.si\/hr\/wp-json\/wp\/v2\/media\/18863"}],"wp:attachment":[{"href":"https:\/\/dingogear.si\/hr\/wp-json\/wp\/v2\/media?parent=9259"}],"wp:term":[{"taxonomy":"product_brand","embeddable":true,"href":"https:\/\/dingogear.si\/hr\/wp-json\/wp\/v2\/product_brand?post=9259"},{"taxonomy":"product_cat","embeddable":true,"href":"https:\/\/dingogear.si\/hr\/wp-json\/wp\/v2\/product_cat?post=9259"},{"taxonomy":"product_tag","embeddable":true,"href":"https:\/\/dingogear.si\/hr\/wp-json\/wp\/v2\/product_tag?post=9259"}],"curies":[{"name":"wp","href":"https:\/\/api.w.org\/{rel}","templated":true}]}}