{"id":9436,"date":"2021-01-03T20:41:55","date_gmt":"2021-01-03T19:41:55","guid":{"rendered":"https:\/\/dingogear.si\/?post_type=product&#038;p=9436"},"modified":"2021-12-07T17:23:59","modified_gmt":"2021-12-07T16:23:59","slug":"povodnik-za-psa-magic","status":"publish","type":"product","link":"https:\/\/dingogear.si\/hr\/povodnik-za-psa-magic\/","title":{"rendered":"Povodnik za psa MAGIC"},"content":{"rendered":"<p>MAGIC pasji povodec je izdelan iz visokokakovostne polipropilenske vrvi, znotraj katere je name\u0161\u010deno jedro, zaradi \u010desar je zelo trpe\u017een. Konci so varjeni, dodatno oja\u010dani s plasti\u010dnimi sponkami. Ve\u010dbarvni trakovi so prijetni na dotik in ne po\u0161kodujejo (o\u017egejo) rok, kadar pride do nepri\u010dakovanega potega psa.<\/p>\n<p>Prednosti izdelka:<\/p>\n<p>notranje jedro<br \/>\nmo\u010dan in trpe\u017een<br \/>\nve\u010dbarvni vzorec<br \/>\nena velikost<br \/>\ntri barve<\/p>\n","protected":false},"excerpt":{"rendered":"<p>MAGIC povodnik za pse izra\u0111en je od visokokvalitetnog polipropilenskog u\u017eeta, unutar kojeg je smje\u0161tena jezgra, \u0161to je \u010dini vrlo izdr\u017eljivom. Krajevi su zavareni, dodatno oja\u010dani plasti\u010dnim spajalicama. Raznobojne trake ugodne su na dodir i ne o\u0161te\u0107uju (opeku) ruku kada do\u0111e do neo\u010dekivanog povla\u010denja psa.<\/p>\n<p>Prednosti proizvoda:<\/p>\n<p>unutarnja jezgra<br \/>\njak i izdr\u017eljiv<br \/>\nvi\u0161ebojni<br \/>\njedna veli\u010dina<br \/>\ntri boje<\/p>\n","protected":false},"featured_media":10327,"comment_status":"closed","ping_status":"closed","template":"","meta":{"_acf_changed":false},"product_brand":[2959],"product_cat":[803,805],"product_tag":[1236],"class_list":{"0":"post-9436","1":"product","2":"type-product","3":"status-publish","4":"has-post-thumbnail","6":"product_brand-dingo","7":"product_cat-oprema-za-psa","8":"product_cat-povodnici","9":"product_tag-povodnici","10":"pa_barva-aporta-narancasta","11":"pa_barva-povodca-pink-siva-hr","12":"pa_barva-povodca-zelena-plava-hr","13":"pa_barva-povodca-zuta-pink","14":"pa_dolzina-povodca-170cm-hr","15":"pa_mere-povodca-fi-12mm-x-170cm-hr","17":"first","18":"instock","19":"taxable","20":"shipping-taxable","21":"purchasable","22":"product-type-variable"},"acf":[],"_links":{"self":[{"href":"https:\/\/dingogear.si\/hr\/wp-json\/wp\/v2\/product\/9436","targetHints":{"allow":["GET"]}}],"collection":[{"href":"https:\/\/dingogear.si\/hr\/wp-json\/wp\/v2\/product"}],"about":[{"href":"https:\/\/dingogear.si\/hr\/wp-json\/wp\/v2\/types\/product"}],"replies":[{"embeddable":true,"href":"https:\/\/dingogear.si\/hr\/wp-json\/wp\/v2\/comments?post=9436"}],"wp:featuredmedia":[{"embeddable":true,"href":"https:\/\/dingogear.si\/hr\/wp-json\/wp\/v2\/media\/10327"}],"wp:attachment":[{"href":"https:\/\/dingogear.si\/hr\/wp-json\/wp\/v2\/media?parent=9436"}],"wp:term":[{"taxonomy":"product_brand","embeddable":true,"href":"https:\/\/dingogear.si\/hr\/wp-json\/wp\/v2\/product_brand?post=9436"},{"taxonomy":"product_cat","embeddable":true,"href":"https:\/\/dingogear.si\/hr\/wp-json\/wp\/v2\/product_cat?post=9436"},{"taxonomy":"product_tag","embeddable":true,"href":"https:\/\/dingogear.si\/hr\/wp-json\/wp\/v2\/product_tag?post=9436"}],"curies":[{"name":"wp","href":"https:\/\/api.w.org\/{rel}","templated":true}]}}