{"id":9441,"date":"2021-01-04T08:08:01","date_gmt":"2021-01-04T07:08:01","guid":{"rendered":"https:\/\/dingogear.si\/?post_type=product&#038;p=9441"},"modified":"2021-01-04T08:21:36","modified_gmt":"2021-01-04T07:21:36","slug":"povodnik-za-psa-z-ogrlicom-davilicom-magic","status":"publish","type":"product","link":"https:\/\/dingogear.si\/hr\/povodnik-za-psa-z-ogrlicom-davilicom-magic\/","title":{"rendered":"Povodnik za psa z ogrlicom davilicom MAGIC"},"content":{"rendered":"","protected":false},"excerpt":{"rendered":"<p>Povodec je izdelan iz kakovostne polipropilenske vrvi, znotraj katere je name\u0161\u010deno jedro, zaradi \u010desar je \u0161e posebej trpe\u017een. Ve\u010dbarvni trak je prijeten na dotik.<\/p>\n<p>Vratna zanka ima zati\u010d, ki psa varuje, da ga ne zategne preve\u010d. Konci so varjeni, dodatno oja\u010dani s plasti\u010dnimi sponkami. Povodec z zatezno ovratnico lahko uporabite za odpravljanje slabega vedenja psa, ko preprosta ovratnica ne uspe. Uporablja se ga lahko tudi med tekmovanji\/razstavami, saj ga je zelo enostavno sneti s pasjega vratu.<\/p>\n","protected":false},"featured_media":10334,"comment_status":"closed","ping_status":"closed","template":"","meta":{"_acf_changed":false},"product_brand":[2959],"product_cat":[803,805],"product_tag":[1236],"class_list":{"0":"post-9441","1":"product","2":"type-product","3":"status-publish","4":"has-post-thumbnail","6":"product_brand-dingo","7":"product_cat-oprema-za-psa","8":"product_cat-povodnici","9":"product_tag-povodnici","10":"pa_barva-aporta-narancasta","11":"pa_barva-povodca-pink-siva-hr","12":"pa_barva-povodca-zelena-plava-hr","13":"pa_barva-povodca-zuta-pink","14":"pa_barva-zascitne-obleke-plava","15":"pa_dolzina-povodca-170cm-hr","16":"pa_mere-povodca-fi-12mm-x-170cm-hr","17":"pa_posebnost-povodca-okrugli-povodnik","18":"pa_posebnost-povodca-povodnik-sa-davilicom","20":"first","21":"instock","22":"taxable","23":"shipping-taxable","24":"purchasable","25":"product-type-variable"},"acf":[],"_links":{"self":[{"href":"https:\/\/dingogear.si\/hr\/wp-json\/wp\/v2\/product\/9441","targetHints":{"allow":["GET"]}}],"collection":[{"href":"https:\/\/dingogear.si\/hr\/wp-json\/wp\/v2\/product"}],"about":[{"href":"https:\/\/dingogear.si\/hr\/wp-json\/wp\/v2\/types\/product"}],"replies":[{"embeddable":true,"href":"https:\/\/dingogear.si\/hr\/wp-json\/wp\/v2\/comments?post=9441"}],"wp:featuredmedia":[{"embeddable":true,"href":"https:\/\/dingogear.si\/hr\/wp-json\/wp\/v2\/media\/10334"}],"wp:attachment":[{"href":"https:\/\/dingogear.si\/hr\/wp-json\/wp\/v2\/media?parent=9441"}],"wp:term":[{"taxonomy":"product_brand","embeddable":true,"href":"https:\/\/dingogear.si\/hr\/wp-json\/wp\/v2\/product_brand?post=9441"},{"taxonomy":"product_cat","embeddable":true,"href":"https:\/\/dingogear.si\/hr\/wp-json\/wp\/v2\/product_cat?post=9441"},{"taxonomy":"product_tag","embeddable":true,"href":"https:\/\/dingogear.si\/hr\/wp-json\/wp\/v2\/product_tag?post=9441"}],"curies":[{"name":"wp","href":"https:\/\/api.w.org\/{rel}","templated":true}]}}