{"id":9453,"date":"2021-01-04T10:38:33","date_gmt":"2021-01-04T09:38:33","guid":{"rendered":"https:\/\/dingogear.si\/?post_type=product&#038;p=9453"},"modified":"2021-11-30T11:08:48","modified_gmt":"2021-11-30T10:08:48","slug":"led-ogrlica-visio-za-nocne-setnje","status":"publish","type":"product","link":"https:\/\/dingogear.si\/hr\/led-ogrlica-visio-za-nocne-setnje\/","title":{"rendered":"LED ogrlica VISIO za no\u0107ne \u0161etnje"},"content":{"rendered":"","protected":false},"excerpt":{"rendered":"<div>Ogrlica za pse vidljiva u rasponu do 500 m. Sadr\u017ei bateriju koja se mo\u017ee puniti USB kabelom. USB kabel je uklju\u010den, punjenje se vr\u0161i preko kompljutera ili preko USB napajanja. Mo\u017eete postaviti trep\u0107u\u0107e ili stalno svjetlo.<\/div>\n<div>Ukupna duljina ogrlice je 70 cm i mo\u017ee se skratiti na minimalnu duljinu od 20 cm. Dakle, jedna veli\u010dina je prikladna za gotovo sve pse!<\/div>\n<div><\/div>\n<div>&#8211; Mo\u017ee se koristiti kao trep\u0107u\u0107e ili stalno svjetlo<\/div>\n<div>&#8211; Duljina ovratnika mogu\u0107a je izme\u0111u 20 &#8211; 70 cm<\/div>\n<div>&#8211; Vrijeme punjenja cca 1,5 &#8211; 2 sata<\/div>\n<div>&#8211; Vrijeme osvjetljenja pri stalnom svjetlu oko 1,5 sata, s trep\u0107u\u0107im svjetlom oko 2 sata<\/div>\n<div>&#8211; nisu potrebne baterije<\/div>\n<div><\/div>\n<div>zelene ILI naran\u010daste boje<\/div>\n","protected":false},"featured_media":11730,"comment_status":"open","ping_status":"closed","template":"","meta":{"_acf_changed":false},"product_brand":[],"product_cat":[803,815],"product_tag":[753],"class_list":{"0":"post-9453","1":"product","2":"type-product","3":"status-publish","4":"has-post-thumbnail","6":"product_cat-oprema-za-psa","7":"product_cat-ogrlice","8":"product_tag-ogrlice-i-davilice","9":"pa_barva-izdelka-crvena","10":"pa_barva-izdelka-narandzasta","11":"pa_barva-izdelka-zelena-hr","13":"first","14":"instock","15":"taxable","16":"shipping-taxable","17":"purchasable","18":"product-type-variable"},"acf":[],"_links":{"self":[{"href":"https:\/\/dingogear.si\/hr\/wp-json\/wp\/v2\/product\/9453","targetHints":{"allow":["GET"]}}],"collection":[{"href":"https:\/\/dingogear.si\/hr\/wp-json\/wp\/v2\/product"}],"about":[{"href":"https:\/\/dingogear.si\/hr\/wp-json\/wp\/v2\/types\/product"}],"replies":[{"embeddable":true,"href":"https:\/\/dingogear.si\/hr\/wp-json\/wp\/v2\/comments?post=9453"}],"wp:featuredmedia":[{"embeddable":true,"href":"https:\/\/dingogear.si\/hr\/wp-json\/wp\/v2\/media\/11730"}],"wp:attachment":[{"href":"https:\/\/dingogear.si\/hr\/wp-json\/wp\/v2\/media?parent=9453"}],"wp:term":[{"taxonomy":"product_brand","embeddable":true,"href":"https:\/\/dingogear.si\/hr\/wp-json\/wp\/v2\/product_brand?post=9453"},{"taxonomy":"product_cat","embeddable":true,"href":"https:\/\/dingogear.si\/hr\/wp-json\/wp\/v2\/product_cat?post=9453"},{"taxonomy":"product_tag","embeddable":true,"href":"https:\/\/dingogear.si\/hr\/wp-json\/wp\/v2\/product_tag?post=9453"}],"curies":[{"name":"wp","href":"https:\/\/api.w.org\/{rel}","templated":true}]}}