{"id":9537,"date":"2021-02-11T11:45:12","date_gmt":"2021-02-11T10:45:12","guid":{"rendered":"https:\/\/dingogear.si\/?post_type=product&#038;p=9537"},"modified":"2021-02-11T11:48:01","modified_gmt":"2021-02-11T10:48:01","slug":"drveni-aport-sa-magnetom-in-najlon-ruckom","status":"publish","type":"product","link":"https:\/\/dingogear.si\/hr\/drveni-aport-sa-magnetom-in-najlon-ruckom\/","title":{"rendered":"Drveni aport sa MAGNETOM in najlon ru\u010dkom"},"content":{"rendered":"","protected":false},"excerpt":{"rendered":"<div>Drveni aport te\u017eak 960g s magnetom. Dio dohvata je zalijepljen, druga strana dohvata je zavrnuta i s umetnutim magnetom dr\u017ea\u010d dohvata izra\u0111en je od najlona otpornog na konstantno grizenje.<\/div>\n<div><\/div>\n<div>te\u017eina 960 grama<\/div>\n<div><\/div>\n<div>Testirano i odobreno od strane profesionalnih trenera pasa.<\/div>\n<div><\/div>\n<div>Svrha dohva\u0107anja je nau\u010diti stalno \u010dvrst i miran stisak!<\/div>\n<div><\/div>\n<div>Zna\u010dajke:<\/div>\n<div><\/div>\n<div>vrlo \u010dvrst materijal<\/div>\n<div>magnet s vrlo visokom magnetskom funkcijom<\/div>\n<div>dr\u017ea\u010d od najlona<\/div>\n","protected":false},"featured_media":9533,"comment_status":"open","ping_status":"closed","template":"","meta":{"_acf_changed":false},"product_brand":[2949],"product_cat":[807,803,819,823],"product_tag":[749,745,1238],"class_list":{"0":"post-9537","1":"product","2":"type-product","3":"status-publish","4":"has-post-thumbnail","6":"product_brand-raddog","7":"product_cat-kobasice-aporti","8":"product_cat-oprema-za-psa","9":"product_cat-pomagala-za-trening","10":"product_cat-trening-vodljivosti","11":"product_tag-ipo-hr","12":"product_tag-kobasice","13":"product_tag-vodljivost","14":"pa_izdelava-ipo-aporta-lijepljen-vijcan-sa-magnetom","15":"pa_material-aporta-drvo","16":"pa_teza-ipo-aporta-960g-hr","18":"first","19":"instock","20":"featured","21":"taxable","22":"shipping-taxable","23":"purchasable","24":"product-type-simple"},"acf":[],"_links":{"self":[{"href":"https:\/\/dingogear.si\/hr\/wp-json\/wp\/v2\/product\/9537","targetHints":{"allow":["GET"]}}],"collection":[{"href":"https:\/\/dingogear.si\/hr\/wp-json\/wp\/v2\/product"}],"about":[{"href":"https:\/\/dingogear.si\/hr\/wp-json\/wp\/v2\/types\/product"}],"replies":[{"embeddable":true,"href":"https:\/\/dingogear.si\/hr\/wp-json\/wp\/v2\/comments?post=9537"}],"wp:featuredmedia":[{"embeddable":true,"href":"https:\/\/dingogear.si\/hr\/wp-json\/wp\/v2\/media\/9533"}],"wp:attachment":[{"href":"https:\/\/dingogear.si\/hr\/wp-json\/wp\/v2\/media?parent=9537"}],"wp:term":[{"taxonomy":"product_brand","embeddable":true,"href":"https:\/\/dingogear.si\/hr\/wp-json\/wp\/v2\/product_brand?post=9537"},{"taxonomy":"product_cat","embeddable":true,"href":"https:\/\/dingogear.si\/hr\/wp-json\/wp\/v2\/product_cat?post=9537"},{"taxonomy":"product_tag","embeddable":true,"href":"https:\/\/dingogear.si\/hr\/wp-json\/wp\/v2\/product_tag?post=9537"}],"curies":[{"name":"wp","href":"https:\/\/api.w.org\/{rel}","templated":true}]}}