{"id":9540,"date":"2021-02-11T13:15:42","date_gmt":"2021-02-11T12:15:42","guid":{"rendered":"https:\/\/dingogear.si\/?post_type=product&#038;p=9540"},"modified":"2023-06-19T10:33:13","modified_gmt":"2023-06-19T08:33:13","slug":"zamjena-rucke-za-drveni-aport-iz-najlona","status":"publish","type":"product","link":"https:\/\/dingogear.si\/hr\/zamjena-rucke-za-drveni-aport-iz-najlona\/","title":{"rendered":"Zamjena ru\u010dke za drveni aport iz NAJLONA"},"content":{"rendered":"","protected":false},"excerpt":{"rendered":"<p>Zamjena ru\u010dke za drveni IPO aport od vrlo tvrdog materiala. Pas mora ru\u010dku od najlona dobro zagristi, ina\u010de mo\u017ee aport, da mu padne. Za pobolj\u0161anje zagriza drvenog aporta!<\/p>\n<ul>\n<li>od najlona<\/li>\n<\/ul>\n<p><b>Za kori\u0161tenje sa sljede\u0107im aportima:<\/b><\/p>\n<ul>\n<li><a href=\"https:\/\/dingogear.si\/izdelek\/lesen-aport-ipo-extra\/\" target=\"_blank\" rel=\"noopener\">Drveni aport IPO EXTRA<\/a><\/li>\n<li><a href=\"https:\/\/dingogear.si\/izdelek\/lesen-aport-ipo-z-vrvico\/\" target=\"_blank\" rel=\"noopener\">Drveni aport IPO s u\u017eetom<\/a><\/li>\n<\/ul>\n","protected":false},"featured_media":9539,"comment_status":"open","ping_status":"closed","template":"","meta":{"_acf_changed":false},"product_brand":[2949],"product_cat":[807,803,819,823],"product_tag":[749,745],"class_list":{"0":"post-9540","1":"product","2":"type-product","3":"status-publish","4":"has-post-thumbnail","6":"product_brand-raddog","7":"product_cat-kobasice-aporti","8":"product_cat-oprema-za-psa","9":"product_cat-pomagala-za-trening","10":"product_cat-trening-vodljivosti","11":"product_tag-ipo-hr","12":"product_tag-kobasice","14":"first","15":"instock","16":"taxable","17":"shipping-taxable","18":"purchasable","19":"product-type-simple"},"acf":[],"_links":{"self":[{"href":"https:\/\/dingogear.si\/hr\/wp-json\/wp\/v2\/product\/9540","targetHints":{"allow":["GET"]}}],"collection":[{"href":"https:\/\/dingogear.si\/hr\/wp-json\/wp\/v2\/product"}],"about":[{"href":"https:\/\/dingogear.si\/hr\/wp-json\/wp\/v2\/types\/product"}],"replies":[{"embeddable":true,"href":"https:\/\/dingogear.si\/hr\/wp-json\/wp\/v2\/comments?post=9540"}],"wp:featuredmedia":[{"embeddable":true,"href":"https:\/\/dingogear.si\/hr\/wp-json\/wp\/v2\/media\/9539"}],"wp:attachment":[{"href":"https:\/\/dingogear.si\/hr\/wp-json\/wp\/v2\/media?parent=9540"}],"wp:term":[{"taxonomy":"product_brand","embeddable":true,"href":"https:\/\/dingogear.si\/hr\/wp-json\/wp\/v2\/product_brand?post=9540"},{"taxonomy":"product_cat","embeddable":true,"href":"https:\/\/dingogear.si\/hr\/wp-json\/wp\/v2\/product_cat?post=9540"},{"taxonomy":"product_tag","embeddable":true,"href":"https:\/\/dingogear.si\/hr\/wp-json\/wp\/v2\/product_tag?post=9540"}],"curies":[{"name":"wp","href":"https:\/\/api.w.org\/{rel}","templated":true}]}}