{"id":9608,"date":"2021-03-24T11:03:15","date_gmt":"2021-03-24T10:03:15","guid":{"rendered":"https:\/\/dingogear.si\/?post_type=product&#038;p=9608"},"modified":"2025-07-31T13:06:13","modified_gmt":"2025-07-31T11:06:13","slug":"bandana-dingo-gear","status":"publish","type":"product","link":"https:\/\/dingogear.si\/hr\/bandana-dingo-gear\/","title":{"rendered":"Bandana DINGO GEAR"},"content":{"rendered":"","protected":false},"excerpt":{"rendered":"<div>Bandana je proizvod koji je poznat i cijenjen u cijelom svijetu. Zbog svoje svestranosti nezaobilazna i koristna je tijekom aktivnosti na otvorenom i u zatvorenom. Fleksibilna tkanina i besprijekorna izrada osigurat \u0107e udobnost kori\u0161tenja.<\/div>\n<div><\/div>\n<div>Prednosti:<\/div>\n<div>&#8211; besprijekorna proizvodnja,<\/div>\n<div>&#8211; lagana i fleksibilna tkanina,<\/div>\n<div>&#8211; mo\u017ee se nositi na razli\u010dite na\u010dine, npr. kao \u0161al, kapa, traka za glavu itd.<\/div>\n<div>&#8211; za\u0161tita od vremenskih neprilika,<\/div>\n<div>&#8211; brzo su\u0161enje materijala.<\/div>\n<div><\/div>\n<div>Jednom kada shvatite na koliko razli\u010ditih na\u010dina mo\u017eete koristiti bandanu, ne\u0107ete napustiti ku\u0107u bez nje. Ljeti mo\u017eete je koristiti za za\u0161titu glave od sunca, zimi za za\u0161titu lica od vjetra ili mraza, a tijekom tjelesnih aktivnosti mo\u017eete je pretvoriti u vrpcu ili narukvicu. Osobe s du\u017eom kosom mogu ih koristiti i kao gumicu za kosu. Me\u0111utim, ovo nije kraj mogu\u0107e upotrebe &#8211; sigurno \u0107ete ih prona\u0107i jo\u0161 nekoliko.<\/div>\n","protected":false},"featured_media":11066,"comment_status":"open","ping_status":"closed","template":"","meta":{"_acf_changed":false},"product_brand":[2948],"product_cat":[2389,1740,817],"product_tag":[2495],"class_list":{"0":"post-9608","1":"product","2":"type-product","3":"status-publish","4":"has-post-thumbnail","6":"product_brand-dingo-gear","7":"product_cat-bandane-i-kape","8":"product_cat-odjela-za-vodica","9":"product_cat-oprema-za-vodica","10":"product_tag-bandana-hr-2","12":"first","13":"outofstock","14":"featured","15":"taxable","16":"shipping-taxable","17":"purchasable","18":"product-type-simple"},"acf":[],"_links":{"self":[{"href":"https:\/\/dingogear.si\/hr\/wp-json\/wp\/v2\/product\/9608","targetHints":{"allow":["GET"]}}],"collection":[{"href":"https:\/\/dingogear.si\/hr\/wp-json\/wp\/v2\/product"}],"about":[{"href":"https:\/\/dingogear.si\/hr\/wp-json\/wp\/v2\/types\/product"}],"replies":[{"embeddable":true,"href":"https:\/\/dingogear.si\/hr\/wp-json\/wp\/v2\/comments?post=9608"}],"wp:featuredmedia":[{"embeddable":true,"href":"https:\/\/dingogear.si\/hr\/wp-json\/wp\/v2\/media\/11066"}],"wp:attachment":[{"href":"https:\/\/dingogear.si\/hr\/wp-json\/wp\/v2\/media?parent=9608"}],"wp:term":[{"taxonomy":"product_brand","embeddable":true,"href":"https:\/\/dingogear.si\/hr\/wp-json\/wp\/v2\/product_brand?post=9608"},{"taxonomy":"product_cat","embeddable":true,"href":"https:\/\/dingogear.si\/hr\/wp-json\/wp\/v2\/product_cat?post=9608"},{"taxonomy":"product_tag","embeddable":true,"href":"https:\/\/dingogear.si\/hr\/wp-json\/wp\/v2\/product_tag?post=9608"}],"curies":[{"name":"wp","href":"https:\/\/api.w.org\/{rel}","templated":true}]}}