{"id":9685,"date":"2021-03-30T19:20:41","date_gmt":"2021-03-30T17:20:41","guid":{"rendered":"https:\/\/dingogear.si\/?post_type=product&#038;p=9685"},"modified":"2021-07-27T13:51:02","modified_gmt":"2021-07-27T11:51:02","slug":"drveni-aport-valjak-s-uzicom","status":"publish","type":"product","link":"https:\/\/dingogear.si\/hr\/drveni-aport-valjak-s-uzicom\/","title":{"rendered":"Drveni aport VALJAK s uzicom"},"content":{"rendered":"","protected":false},"excerpt":{"rendered":"<div>Aport \u2013 drveni valjak s uzicom namijenjen je vje\u017ebanju aportiranja, u\u010denju dr\u017eanja predmeta i igranju.<\/div>\n<div>Neobojeni valjak dimenzija fi3,3cm i duljine 23 cm izra\u0111en je od bukve. Postavljena \u0161paga od 60 cm olak\u0161ava bacanje valjka *.<\/div>\n<div>Koristi se u igrama koje pripremaju psa za sudjelovanje na natjecanjima, ispitima i natjecanjima kao \u0161to su Poslu\u0161nost, IGP.<\/div>\n<div><\/div>\n<div>* na\u0161i su proizvodi namijenjeni zabavi i treningu uz pomo\u0107 staratelja, pas ih ne smije ostavljati na \u017evakanje.<\/div>\n","protected":false},"featured_media":11197,"comment_status":"open","ping_status":"closed","template":"","meta":{"_acf_changed":false},"product_brand":[2948],"product_cat":[809,807,819,1833,823],"product_tag":[749,745,1238],"class_list":{"0":"post-9685","1":"product","2":"type-product","3":"status-publish","4":"has-post-thumbnail","6":"product_brand-dingo-gear","7":"product_cat-igra-uz-trening","8":"product_cat-kobasice-aporti","9":"product_cat-pomagala-za-trening","10":"product_cat-trening-vodljivosti-hr","11":"product_cat-trening-vodljivosti","12":"product_tag-ipo-hr","13":"product_tag-kobasice","14":"product_tag-vodljivost","15":"pa_material-aporta-drvo","17":"first","18":"instock","19":"featured","20":"taxable","21":"shipping-taxable","22":"purchasable","23":"product-type-simple"},"acf":[],"_links":{"self":[{"href":"https:\/\/dingogear.si\/hr\/wp-json\/wp\/v2\/product\/9685","targetHints":{"allow":["GET"]}}],"collection":[{"href":"https:\/\/dingogear.si\/hr\/wp-json\/wp\/v2\/product"}],"about":[{"href":"https:\/\/dingogear.si\/hr\/wp-json\/wp\/v2\/types\/product"}],"replies":[{"embeddable":true,"href":"https:\/\/dingogear.si\/hr\/wp-json\/wp\/v2\/comments?post=9685"}],"wp:featuredmedia":[{"embeddable":true,"href":"https:\/\/dingogear.si\/hr\/wp-json\/wp\/v2\/media\/11197"}],"wp:attachment":[{"href":"https:\/\/dingogear.si\/hr\/wp-json\/wp\/v2\/media?parent=9685"}],"wp:term":[{"taxonomy":"product_brand","embeddable":true,"href":"https:\/\/dingogear.si\/hr\/wp-json\/wp\/v2\/product_brand?post=9685"},{"taxonomy":"product_cat","embeddable":true,"href":"https:\/\/dingogear.si\/hr\/wp-json\/wp\/v2\/product_cat?post=9685"},{"taxonomy":"product_tag","embeddable":true,"href":"https:\/\/dingogear.si\/hr\/wp-json\/wp\/v2\/product_tag?post=9685"}],"curies":[{"name":"wp","href":"https:\/\/api.w.org\/{rel}","templated":true}]}}