{"id":9786,"date":"2021-04-28T09:14:02","date_gmt":"2021-04-28T07:14:02","guid":{"rendered":"https:\/\/dingogear.si\/?post_type=product&#038;p=9786"},"modified":"2021-11-30T11:01:23","modified_gmt":"2021-11-30T10:01:23","slug":"metalni-povodnik-z-ruckom-od-koze","status":"publish","type":"product","link":"https:\/\/dingogear.si\/hr\/metalni-povodnik-z-ruckom-od-koze\/","title":{"rendered":"Metalni povodnik z ru\u010dkom od ko\u017ee"},"content":{"rendered":"<p>Dingo metalna uzica s ko\u017enom ru\u010dkom iz kolekcije Classic izra\u0111ena od klasi\u010dne meke ko\u017ee.<br \/>\nIzra\u0111eno ru\u010dno, s pa\u017enjom na svaki detalj.<br \/>\nPosebnosti povodnika su:<br \/>\n\u2013 prirodna ko\u017ea ugodna na dodir i oblo\u017eena sredstvima za pove\u0107anu otpornost na prljav\u0161tinu i vlagu<br \/>\n\u2013 vrlo lijep izgled<br \/>\n\u2013 kromirani okovi koji su izdr\u017eljivi i otporni na koroziju<br \/>\n\u2013 visokokvalitetni karabini s jamstvom pouzdanosti mehanizma<br \/>\n\u2013 \u010dvrste zakovice umjesto \u0161avova<br \/>\n\u2013 jak, nehr\u0111aju\u0107i lanac<br \/>\nKarakteristi\u010dne zna\u010dajke Dingo proizvoda su velika otpornost na atmosferske \u010dimbenike. Proizvodi zadr\u017eavaju svoje funkcionalne i estetske vrijednosti tijekom dugog vremenskog razdoblja.<br \/>\nDostupno u devet (9) veli\u010dina i dvije (2) boje!<\/p>\n","protected":false},"excerpt":{"rendered":"<p>Dingo metalna uzica s ko\u017enom ru\u010dkom iz kolekcije Classic izra\u0111ena od klasi\u010dne meke ko\u017ee.<br \/>\nIzra\u0111eno ru\u010dno, s pa\u017enjom na svaki detalj.<\/p>\n","protected":false},"featured_media":11196,"comment_status":"closed","ping_status":"closed","template":"","meta":{"_acf_changed":false},"product_brand":[2959],"product_cat":[803,805],"product_tag":[],"class_list":{"0":"post-9786","1":"product","2":"type-product","3":"status-publish","4":"has-post-thumbnail","6":"product_brand-dingo","7":"product_cat-oprema-za-psa","8":"product_cat-povodnici","9":"pa_barva-povodca-crna-hr","10":"pa_barva-povodca-crvena","11":"pa_dolzina-povodca-115cm-hr","12":"pa_dolzina-povodca-75cm-hr","13":"pa_mere-povodca-14-x-115cm-hr","14":"pa_mere-povodca-15-x-75cm-hr","16":"first","17":"outofstock","18":"taxable","19":"shipping-taxable","20":"purchasable","21":"product-type-variable"},"acf":[],"_links":{"self":[{"href":"https:\/\/dingogear.si\/hr\/wp-json\/wp\/v2\/product\/9786","targetHints":{"allow":["GET"]}}],"collection":[{"href":"https:\/\/dingogear.si\/hr\/wp-json\/wp\/v2\/product"}],"about":[{"href":"https:\/\/dingogear.si\/hr\/wp-json\/wp\/v2\/types\/product"}],"replies":[{"embeddable":true,"href":"https:\/\/dingogear.si\/hr\/wp-json\/wp\/v2\/comments?post=9786"}],"wp:featuredmedia":[{"embeddable":true,"href":"https:\/\/dingogear.si\/hr\/wp-json\/wp\/v2\/media\/11196"}],"wp:attachment":[{"href":"https:\/\/dingogear.si\/hr\/wp-json\/wp\/v2\/media?parent=9786"}],"wp:term":[{"taxonomy":"product_brand","embeddable":true,"href":"https:\/\/dingogear.si\/hr\/wp-json\/wp\/v2\/product_brand?post=9786"},{"taxonomy":"product_cat","embeddable":true,"href":"https:\/\/dingogear.si\/hr\/wp-json\/wp\/v2\/product_cat?post=9786"},{"taxonomy":"product_tag","embeddable":true,"href":"https:\/\/dingogear.si\/hr\/wp-json\/wp\/v2\/product_tag?post=9786"}],"curies":[{"name":"wp","href":"https:\/\/api.w.org\/{rel}","templated":true}]}}