{"id":9824,"date":"2021-04-28T13:05:41","date_gmt":"2021-04-28T11:05:41","guid":{"rendered":"https:\/\/dingogear.si\/?post_type=product&#038;p=9824"},"modified":"2023-04-16T16:25:34","modified_gmt":"2023-04-16T14:25:34","slug":"magnetski-drzac-za-prsluk","status":"publish","type":"product","link":"https:\/\/dingogear.si\/hr\/magnetski-drzac-za-prsluk\/","title":{"rendered":"Magnetski dr\u017ea\u010d za prsluk"},"content":{"rendered":"<p><a href=\"https:\/\/dingogear.si\/wp-content\/uploads\/2018\/11\/magnetic_holder_VEL.jpg\"><img decoding=\"async\" class=\"aligncenter size-full wp-image-3409\" src=\"https:\/\/dingogear.si\/wp-content\/uploads\/2018\/11\/magnetic_holder_VEL.jpg\" alt=\"\" width=\"1533\" height=\"648\" title=\"\" srcset=\"https:\/\/dingogear.si\/wp-content\/uploads\/2018\/11\/magnetic_holder_VEL.jpg 1533w, https:\/\/dingogear.si\/wp-content\/uploads\/2018\/11\/magnetic_holder_VEL-300x127.jpg 300w, https:\/\/dingogear.si\/wp-content\/uploads\/2018\/11\/magnetic_holder_VEL-768x325.jpg 768w, https:\/\/dingogear.si\/wp-content\/uploads\/2018\/11\/magnetic_holder_VEL-1024x433.jpg 1024w, https:\/\/dingogear.si\/wp-content\/uploads\/2018\/11\/magnetic_holder_VEL-200x85.jpg 200w, https:\/\/dingogear.si\/wp-content\/uploads\/2018\/11\/magnetic_holder_VEL-400x169.jpg 400w, https:\/\/dingogear.si\/wp-content\/uploads\/2018\/11\/magnetic_holder_VEL-600x254.jpg 600w, https:\/\/dingogear.si\/wp-content\/uploads\/2018\/11\/magnetic_holder_VEL-800x338.jpg 800w, https:\/\/dingogear.si\/wp-content\/uploads\/2018\/11\/magnetic_holder_VEL-1200x507.jpg 1200w, https:\/\/dingogear.si\/wp-content\/uploads\/2018\/11\/magnetic_holder_VEL-500x211.jpg 500w, https:\/\/dingogear.si\/wp-content\/uploads\/2018\/11\/magnetic_holder_VEL-700x296.jpg 700w\" sizes=\"(max-width: 1533px) 100vw, 1533px\" \/><\/a><\/p>\n","protected":false},"excerpt":{"rendered":"<p>Magnet vam omogu\u0107uje da umetnete magnetni dr\u017ea\u010d u bilo koju odje\u0107u, na pr. prsluk, jer na njega mo\u017eemo pri\u010dvrstiti bilo koji aport sa magnetom ili loptu sa magnetom. Zahvaljuju\u0107i tome, tijekom vje\u017ebe se usredoto\u010dujemo na psa i vrlo ga lako nagradimo omiljenom loptom kao brzu nagradu za dobro odra\u0111enu vje\u017ebu, na pr. u\u010denje hodanja pored (uz nogu).<\/p>\n<p>Magnetski dr\u017ea\u010d za prsluk deluje sa:<\/p>\n<p><a href=\"https:\/\/dingogear.si\/gumijasta-zoga-z-magnetom\/\" target=\"_blank\" rel=\"noopener\">DingoGear gumena lopta sa magnetom<\/a><\/p>\n<p><a href=\"https:\/\/dingogear.si\/mini-ring-aport-z-magnetom\/\" target=\"_blank\" rel=\"noopener\">Mini ring aport sa magnetom<\/a><\/p>\n<p>Prezentacija na slici &#8211; primjer upotrebe.<\/p>\n","protected":false},"featured_media":3410,"comment_status":"open","ping_status":"closed","template":"","meta":{"_acf_changed":false},"product_brand":[2948],"product_cat":[1831,803,819],"product_tag":[763,747,1850],"class_list":{"0":"post-9824","1":"product","2":"type-product","3":"status-publish","4":"has-post-thumbnail","6":"product_brand-dingo-gear","7":"product_cat-loptice","8":"product_cat-oprema-za-psa","9":"product_cat-pomagala-za-trening","10":"product_tag-dodatki-za-trening","11":"product_tag-igra-hr","12":"product_tag-magnetski-pribor","14":"first","15":"instock","16":"taxable","17":"shipping-taxable","18":"purchasable","19":"product-type-simple"},"acf":[],"_links":{"self":[{"href":"https:\/\/dingogear.si\/hr\/wp-json\/wp\/v2\/product\/9824","targetHints":{"allow":["GET"]}}],"collection":[{"href":"https:\/\/dingogear.si\/hr\/wp-json\/wp\/v2\/product"}],"about":[{"href":"https:\/\/dingogear.si\/hr\/wp-json\/wp\/v2\/types\/product"}],"replies":[{"embeddable":true,"href":"https:\/\/dingogear.si\/hr\/wp-json\/wp\/v2\/comments?post=9824"}],"wp:featuredmedia":[{"embeddable":true,"href":"https:\/\/dingogear.si\/hr\/wp-json\/wp\/v2\/media\/3410"}],"wp:attachment":[{"href":"https:\/\/dingogear.si\/hr\/wp-json\/wp\/v2\/media?parent=9824"}],"wp:term":[{"taxonomy":"product_brand","embeddable":true,"href":"https:\/\/dingogear.si\/hr\/wp-json\/wp\/v2\/product_brand?post=9824"},{"taxonomy":"product_cat","embeddable":true,"href":"https:\/\/dingogear.si\/hr\/wp-json\/wp\/v2\/product_cat?post=9824"},{"taxonomy":"product_tag","embeddable":true,"href":"https:\/\/dingogear.si\/hr\/wp-json\/wp\/v2\/product_tag?post=9824"}],"curies":[{"name":"wp","href":"https:\/\/api.w.org\/{rel}","templated":true}]}}