{"id":9825,"date":"2021-04-28T13:11:38","date_gmt":"2021-04-28T11:11:38","guid":{"rendered":"https:\/\/dingogear.si\/?post_type=product&#038;p=9825"},"modified":"2021-11-30T11:00:53","modified_gmt":"2021-11-30T10:00:53","slug":"magnetski-drzac-extra","status":"publish","type":"product","link":"https:\/\/dingogear.si\/hr\/magnetski-drzac-extra\/","title":{"rendered":"Magnetski dr\u017ea\u010d EXTRA"},"content":{"rendered":"","protected":false},"excerpt":{"rendered":"<p>Magnet vam omogu\u0107uje da umetnete magnetni dr\u017ea\u010d u bilo koju odje\u0107u, na pr. prsluk, jer na njega mo\u017eemo pri\u010dvrstiti bilo koji aport sa magnetom ili loptu sa magnetom. Zahvaljuju\u0107i tome, tijekom vje\u017ebe se usredoto\u010dujemo na psa i vrlo ga lako nagradimo omiljenom loptom kao brzu nagradu za dobro odra\u0111enu vje\u017ebu, na pr. u\u010denje hodanja pored (uz nogu).<\/p>\n<p>Magnetski dr\u017ea\u010d prsluka izvrsno funkcionira s kuglicama s ja\u010dim magnetom:<\/p>\n<p><a href=\"https:\/\/dingogear.si\/izdelek\/gumijasta-zoga-z-dvojnim-magnetom-in-rocajem-mehka\/\">Gumena loptica s dvostrukim magnetom i ru\u010dkom SOFT<\/a><\/p>\n<p><a href=\"https:\/\/dingogear.si\/izdelek\/gumijasta-zoga-z-dvojnim-magnetom-in-rocajem\/\">Gumena loptica s dvostrukim magnetom i ru\u010dkom<\/a><\/p>\n<p>Prezentacija na slici &#8211; primjer upotrebe.<\/p>\n","protected":false},"featured_media":11192,"comment_status":"open","ping_status":"closed","template":"","meta":{"_acf_changed":false},"product_brand":[2949],"product_cat":[1831,803,819],"product_tag":[763,747,1850],"class_list":{"0":"post-9825","1":"product","2":"type-product","3":"status-publish","4":"has-post-thumbnail","6":"product_brand-raddog","7":"product_cat-loptice","8":"product_cat-oprema-za-psa","9":"product_cat-pomagala-za-trening","10":"product_tag-dodatki-za-trening","11":"product_tag-igra-hr","12":"product_tag-magnetski-pribor","14":"first","15":"instock","16":"featured","17":"taxable","18":"shipping-taxable","19":"purchasable","20":"product-type-simple"},"acf":[],"_links":{"self":[{"href":"https:\/\/dingogear.si\/hr\/wp-json\/wp\/v2\/product\/9825","targetHints":{"allow":["GET"]}}],"collection":[{"href":"https:\/\/dingogear.si\/hr\/wp-json\/wp\/v2\/product"}],"about":[{"href":"https:\/\/dingogear.si\/hr\/wp-json\/wp\/v2\/types\/product"}],"replies":[{"embeddable":true,"href":"https:\/\/dingogear.si\/hr\/wp-json\/wp\/v2\/comments?post=9825"}],"wp:featuredmedia":[{"embeddable":true,"href":"https:\/\/dingogear.si\/hr\/wp-json\/wp\/v2\/media\/11192"}],"wp:attachment":[{"href":"https:\/\/dingogear.si\/hr\/wp-json\/wp\/v2\/media?parent=9825"}],"wp:term":[{"taxonomy":"product_brand","embeddable":true,"href":"https:\/\/dingogear.si\/hr\/wp-json\/wp\/v2\/product_brand?post=9825"},{"taxonomy":"product_cat","embeddable":true,"href":"https:\/\/dingogear.si\/hr\/wp-json\/wp\/v2\/product_cat?post=9825"},{"taxonomy":"product_tag","embeddable":true,"href":"https:\/\/dingogear.si\/hr\/wp-json\/wp\/v2\/product_tag?post=9825"}],"curies":[{"name":"wp","href":"https:\/\/api.w.org\/{rel}","templated":true}]}}