{"id":9827,"date":"2021-04-28T13:24:46","date_gmt":"2021-04-28T11:24:46","guid":{"rendered":"https:\/\/dingogear.si\/?post_type=product&#038;p=9827"},"modified":"2021-04-28T13:30:29","modified_gmt":"2021-04-28T11:30:29","slug":"gumena-loptica-s-dvostrukim-magnetom-i-ruckom-hard","status":"publish","type":"product","link":"https:\/\/dingogear.si\/hr\/gumena-loptica-s-dvostrukim-magnetom-i-ruckom-hard\/","title":{"rendered":"Gumena loptica s dvostrukim magnetom i ru\u010dkom HARD"},"content":{"rendered":"<div>\u010cvrsta gumena lopta s magnetom stvorena je za igranje i podu\u010davanje psa da se usredoto\u010di na vodi\u010da. Lopta se mo\u017ee koristiti s nastavkom za brzo otpu\u0161tanje loptice i <a href=\"https:\/\/dingogear.si\/hr\/magnetski-drzac-extra\/\">magnetskim dr\u017ea\u010dem<\/a>. Testirano i odobreno od strane profesionalnih trenera.<\/div>\n<div><\/div>\n<div>Zna\u010dajke lopte:<\/div>\n<div><\/div>\n<ul>\n<li>s ru\u010dkom (LOOP)(\u0161uplja traka)<\/li>\n<li>visokokvalitetna guma<\/li>\n<li>razli\u010dite boje gume i razli\u010dite boje ru\u010dki<\/li>\n<li>ru\u010dka sa \u0161upljim remenom i ugra\u0111enim DVOJNIM magnetom<\/li>\n<li>tvrda guma &#8211; puna<\/li>\n<li>parametri: # 60mm; te\u017eina &#8211; 0,15kg<\/li>\n<\/ul>\n<div><\/div>\n<div>Svrha lopte:<\/div>\n<div><\/div>\n<div>podu\u010davanje psa da se usredoto\u010di na vodi\u010da<\/div>\n<div>dohva\u0107anje \/ dono\u0161enje predmeta<\/div>\n<div>igra<\/div>\n","protected":false},"excerpt":{"rendered":"<div>\u010cvrsta gumena loptica s dvostrukim magnetom stvorena je da nau\u010di psa da se usredoto\u010di na vodi\u010da.<\/div>\n<div><\/div>\n<div>Zna\u010dajke lopte:<\/div>\n<div><\/div>\n<div>s ru\u010dkom za petlju (\u0161uplja traka)<\/div>\n<div>visokokvalitetna guma<\/div>\n<div>razli\u010dite boje gume i razli\u010dite boje ru\u010dki<\/div>\n<div>ru\u010dka sa \u0161upljim remenom i ugra\u0111enim DVOJNIM magnetom<\/div>\n<div>tvrda guma &#8211; puna<\/div>\n<div>parametri: # 60mm; te\u017eina &#8211; 0,15kg<\/div>\n","protected":false},"featured_media":5865,"comment_status":"open","ping_status":"closed","template":"","meta":{"_acf_changed":false},"product_brand":[2949],"product_cat":[1831,819],"product_tag":[763,747,1850],"class_list":{"0":"post-9827","1":"product","2":"type-product","3":"status-publish","4":"has-post-thumbnail","6":"product_brand-raddog","7":"product_cat-loptice","8":"product_cat-pomagala-za-trening","9":"product_tag-dodatki-za-trening","10":"product_tag-igra-hr","11":"product_tag-magnetski-pribor","12":"pa_barva-zoge-mix-boja","13":"pa_oblika-velikost-zoge-okrugla-promjer-6-cm","14":"pa_trdota-zoge-tvrda-lopta-puna-guma","16":"first","17":"instock","18":"featured","19":"taxable","20":"shipping-taxable","21":"purchasable","22":"product-type-simple"},"acf":[],"_links":{"self":[{"href":"https:\/\/dingogear.si\/hr\/wp-json\/wp\/v2\/product\/9827","targetHints":{"allow":["GET"]}}],"collection":[{"href":"https:\/\/dingogear.si\/hr\/wp-json\/wp\/v2\/product"}],"about":[{"href":"https:\/\/dingogear.si\/hr\/wp-json\/wp\/v2\/types\/product"}],"replies":[{"embeddable":true,"href":"https:\/\/dingogear.si\/hr\/wp-json\/wp\/v2\/comments?post=9827"}],"wp:featuredmedia":[{"embeddable":true,"href":"https:\/\/dingogear.si\/hr\/wp-json\/wp\/v2\/media\/5865"}],"wp:attachment":[{"href":"https:\/\/dingogear.si\/hr\/wp-json\/wp\/v2\/media?parent=9827"}],"wp:term":[{"taxonomy":"product_brand","embeddable":true,"href":"https:\/\/dingogear.si\/hr\/wp-json\/wp\/v2\/product_brand?post=9827"},{"taxonomy":"product_cat","embeddable":true,"href":"https:\/\/dingogear.si\/hr\/wp-json\/wp\/v2\/product_cat?post=9827"},{"taxonomy":"product_tag","embeddable":true,"href":"https:\/\/dingogear.si\/hr\/wp-json\/wp\/v2\/product_tag?post=9827"}],"curies":[{"name":"wp","href":"https:\/\/api.w.org\/{rel}","templated":true}]}}