{"id":9832,"date":"2021-04-28T14:48:04","date_gmt":"2021-04-28T12:48:04","guid":{"rendered":"https:\/\/dingogear.si\/?post_type=product&#038;p=9832"},"modified":"2022-11-21T09:57:45","modified_gmt":"2022-11-21T08:57:45","slug":"kratak-trening-bic","status":"publish","type":"product","link":"https:\/\/dingogear.si\/hr\/kratak-trening-bic\/","title":{"rendered":"Kratak trening bi\u010d"},"content":{"rendered":"<div>Kratki bi\u010d s popperom izra\u0111en je od fleksibilne plasti\u010dne \u0161ipke iznutra, koja je izvana oblo\u017eena visokokvalitetnom ko\u017eom. Kraj bi\u010da dvostruko je u\u0161iven kako bi pru\u017eio dodatnu \u010dvrsto\u0107u protiv o\u0161te\u0107enja.<\/div>\n<div><\/div>\n<div>Zbog pa\u017eljive konstrukcije, bi\u010d je vrlo izdr\u017eljiv i funkcionalan.<\/div>\n<div><\/div>\n<div>Kratki bi\u010d izvrsno je sredstvo za izgradnju motivacije i \u017eelje kod psa tijekom vje\u017ebi poslu\u0161nosti.<\/div>\n<div><\/div>\n<div>Duljina je 45 cm.<\/div>\n","protected":false},"excerpt":{"rendered":"<div>Kratki bi\u010d s popperom izra\u0111en je od fleksibilne plasti\u010dne \u0161ipke iznutra, koja je izvana oblo\u017eena visokokvalitetnom ko\u017eom. Kraj bi\u010da dvostruko je u\u0161iven kako bi pru\u017eio dodatnu \u010dvrsto\u0107u protiv o\u0161te\u0107enja.<\/div>\n<div><\/div>\n<div>Zbog pa\u017eljive konstrukcije, bi\u010d je vrlo izdr\u017eljiv i funkcionalan.<\/div>\n<div><\/div>\n<div>Kratki bi\u010d izvrsno je sredstvo za izgradnju motivacije i \u017eelje kod psa tijekom vje\u017ebi poslu\u0161nosti.<\/div>\n<div><\/div>\n<div>Duljina je 45 cm.<\/div>\n","protected":false},"featured_media":11190,"comment_status":"open","ping_status":"closed","template":"","meta":{"_acf_changed":false},"product_brand":[2949],"product_cat":[1827,781,823],"product_tag":[1842,1848],"class_list":{"0":"post-9832","1":"product","2":"type-product","3":"status-publish","4":"has-post-thumbnail","6":"product_brand-raddog","7":"product_cat-bicevi-i-palice","8":"product_cat-oprema-za-markirante","9":"product_cat-trening-vodljivosti","10":"product_tag-bicevi-i-palice","11":"product_tag-palica-za-markiranta","12":"pa_material-bica-plasticna-palica-sa-sinteticnim-uzetom","13":"pa_material-bica-semis-palica-sa-sinteticnim-uzetom","15":"first","16":"instock","17":"taxable","18":"shipping-taxable","19":"purchasable","20":"product-type-simple"},"acf":[],"_links":{"self":[{"href":"https:\/\/dingogear.si\/hr\/wp-json\/wp\/v2\/product\/9832","targetHints":{"allow":["GET"]}}],"collection":[{"href":"https:\/\/dingogear.si\/hr\/wp-json\/wp\/v2\/product"}],"about":[{"href":"https:\/\/dingogear.si\/hr\/wp-json\/wp\/v2\/types\/product"}],"replies":[{"embeddable":true,"href":"https:\/\/dingogear.si\/hr\/wp-json\/wp\/v2\/comments?post=9832"}],"wp:featuredmedia":[{"embeddable":true,"href":"https:\/\/dingogear.si\/hr\/wp-json\/wp\/v2\/media\/11190"}],"wp:attachment":[{"href":"https:\/\/dingogear.si\/hr\/wp-json\/wp\/v2\/media?parent=9832"}],"wp:term":[{"taxonomy":"product_brand","embeddable":true,"href":"https:\/\/dingogear.si\/hr\/wp-json\/wp\/v2\/product_brand?post=9832"},{"taxonomy":"product_cat","embeddable":true,"href":"https:\/\/dingogear.si\/hr\/wp-json\/wp\/v2\/product_cat?post=9832"},{"taxonomy":"product_tag","embeddable":true,"href":"https:\/\/dingogear.si\/hr\/wp-json\/wp\/v2\/product_tag?post=9832"}],"curies":[{"name":"wp","href":"https:\/\/api.w.org\/{rel}","templated":true}]}}